{"id":11970,"date":"2025-10-26T17:03:22","date_gmt":"2025-10-26T15:03:22","guid":{"rendered":"https:\/\/www.zst.suwalki.pl\/www\/?page_id=11970"},"modified":"2026-03-25T15:38:49","modified_gmt":"2026-03-25T13:38:49","slug":"suwalskie-centra-ksztalcenia-zawodowego-2025-1","status":"publish","type":"page","link":"https:\/\/www.zst.suwalki.pl\/www\/suwalskie-centra-ksztalcenia-zawodowego-2025-1\/","title":{"rendered":"Suwalskie Centra Kszta\u0142cenia Zawodowego 2025"},"content":{"rendered":"<div class=\"wp-block-image\"><img fetchpriority=\"high\" decoding=\"async\" class=\"alignnone wp-image-11971 size-full\" src=\"https:\/\/www.zst.suwalki.pl\/www\/wp-content\/uploads\/2025\/10\/FEdP-2021-2027.png\" alt=\"\" width=\"1923\" height=\"206\" data-warning=\"Missing alt text\" srcset=\"https:\/\/www.zst.suwalki.pl\/www\/wp-content\/uploads\/2025\/10\/FEdP-2021-2027.png 1923w, https:\/\/www.zst.suwalki.pl\/www\/wp-content\/uploads\/2025\/10\/FEdP-2021-2027-300x32.png 300w, https:\/\/www.zst.suwalki.pl\/www\/wp-content\/uploads\/2025\/10\/FEdP-2021-2027-1024x110.png 1024w, https:\/\/www.zst.suwalki.pl\/www\/wp-content\/uploads\/2025\/10\/FEdP-2021-2027-768x82.png 768w, https:\/\/www.zst.suwalki.pl\/www\/wp-content\/uploads\/2025\/10\/FEdP-2021-2027-1536x165.png 1536w\" sizes=\"(max-width: 1923px) 100vw, 1923px\" \/><\/div>\n<p>Projekt <strong>\u201eSuwalskie Centra Kszta\u0142cenia Zawodowego. Poprawa jako\u015bci systemu kszta\u0142cenia na terenie Miasta Suwa\u0142ki poprzez modernizacj\u0119 kszta\u0142cenia w Zespole Szk\u00f3\u0142 nr 4, Zespole Szk\u00f3\u0142 nr 6 i w Zespole Szk\u00f3\u0142 Technicznych w Suwa\u0142kach\u201d<\/strong> wsp\u00f3\u0142finansowany ze \u015brodk\u00f3w Europejskiego Funduszu Spo\u0142ecznego Plus w ramach programu Fundusze Europejskie dla Podlaskiego 2021-2027 Priorytetu VIII Fundusze na rzecz edukacji i w\u0142\u0105czenia spo\u0142ecznego Dzia\u0142ania 8.2 Zintegrowany terytorialnie rozw\u00f3j edukacji i kszta\u0142cenia.<\/p>\n<p><strong>Okres realizacji projektu:<\/strong> 01.08.2025 r. &#8211; 31.07.2027 r.<br \/>\n<strong>Warto\u015b\u0107 projektu og\u00f3\u0142em:<\/strong> 3 031 066,98 z\u0142<br \/>\n<strong>Dofinansowanie projektu z UE:<\/strong> 2 727 866,98 z\u0142<br \/>\n<strong>Warto\u015b\u0107 projektu w Zespole Szk\u00f3\u0142 Technicznych w Suwa\u0142kach:<\/strong> 925 247,60 z\u0142<\/p>\n<p>Celem g\u0142\u00f3wnym projektu jest poprawa jako\u015bci systemu kszta\u0142cenia w szko\u0142ach zawodowych na terenie Miasta Suwa\u0142k poprzez przygotowanie systemu doradztwa zawodowego opartego na potrzebach pracodawc\u00f3w, organizacj\u0119 sta\u017cy zawodowych, wsp\u00f3\u0142prac\u0119 z uczelniami wy\u017cszymi i pracodawcami, organizacj\u0119 dodatkowych form kszta\u0142cenia dla 600 uczni\u00f3w\/uczennic (250 dziewcz\u0105t, 350 ch\u0142opc\u00f3w) oraz uzupe\u0142nienie kompetencji zawodowych 40 nauczycieli\/nauczycielek (24 kobiet, 16 m\u0119\u017cczyzn).<\/p>\n<p>Projekt jest adresowany do uczni\u00f3w i uczennic kszta\u0142c\u0105cych si\u0119 w technikum i szkole bran\u017cowej w zawodach: technik budownictwa, technik mechanik, technik mechatronik, technik automatyk, technik teleinformatyk, technik grafiki i poligrafii cyfrowej, technik elektryk, monter zabudowy i rob\u00f3t wyko\u0144czeniowych w budownictwie, mechanik-monter maszyn i urz\u0105dze\u0144, elektryk oraz do nauczycieli przedmiot\u00f3w zawodowych.<\/p>\n<p>W ramach projektu przewidziane s\u0105 nast\u0119puj\u0105ce formy wsparcia kierowane do uczni\u00f3w:<\/p>\n<ol>\n<li>Warsztaty grupowe z doradztwa zawodowego<\/li>\n<li>Warsztaty z biznesu i ekonomii<\/li>\n<li>Wizyty studyjne u pracodawc\u00f3w<\/li>\n<li>Zaj\u0119cia wyr\u00f3wnawcze<\/li>\n<li>Zaj\u0119cia laboratoryjne w wy\u017cszej uczelni<\/li>\n<li>Zaj\u0119cia przygotowuj\u0105ce do egzamin\u00f3w zawodowych i matury<\/li>\n<li>Szkolenia i kursy specjalistyczne<\/li>\n<li>Wsparcie psychologiczne<\/li>\n<li>Zaj\u0119cia wspieraj\u0105ce rozw\u00f3j umiej\u0119tno\u015bci ekologicznych<\/li>\n<li>Wyjazdy edukacyjno-zawodowe, w tym wyjazdy na targi<\/li>\n<li>Spotkania z pracodawcami<\/li>\n<li>Sta\u017ce zawodowe u pracodawc\u00f3w<\/li>\n<\/ol>\n<p>oraz nast\u0119puj\u0105ce formy wsparcia kierowane do nauczycieli:<\/p>\n<ol>\n<li>Doskonalenie zawodowe nauczycieli \u2013 studia podyplomowe<\/li>\n<li>Doskonalenie zawodowe nauczycieli \u2013 szkolenia i kursy<\/li>\n<\/ol>\n<p>Ponadto, w ramach realizacji projektu, pracownie szkolne zostan\u0105 doposa\u017cone w nowoczesne pomoce dydaktyczne oraz sprz\u0119t niezb\u0119dny do efektywnej realizacji zaplanowanych form wsparcia.<\/p>\n<p>Za\u0142\u0105czniki do projektu:<\/p>\n<p><a href=\"https:\/\/www.zst.suwalki.pl\/www\/wp-content\/uploads\/2025\/10\/Deklaracja-uczestnictwa-.pdf\">Deklaracja uczestnictwa &#8211; ucze\u0144<\/a><br \/>\n<a href=\"https:\/\/www.zst.suwalki.pl\/www\/wp-content\/uploads\/2025\/10\/Formularz-zgloszeniowy-uczen.pdf\">Formularz zg\u0142oszeniowy &#8211; ucze\u0144<\/a><br \/>\n<a href=\"https:\/\/www.zst.suwalki.pl\/www\/wp-content\/uploads\/2025\/10\/Oswiadczenie-o-przetwarzaniu-danych-.pdf\">O\u015bwiadczenie o przetwarzaniu danych &#8211; ucze\u0144<\/a><br \/>\n<a href=\"https:\/\/www.zst.suwalki.pl\/www\/wp-content\/uploads\/2025\/10\/Oswiadczenie-o-wyrazenie-zgody-wizerunek-.pdf\">O\u015bwiadczenie o wyra\u017cenie zgody wizerunek &#8211; ucze\u0144<\/a><br \/>\n<a href=\"https:\/\/www.zst.suwalki.pl\/www\/wp-content\/uploads\/2025\/10\/Oswiadczenie-o-wyrazeniu-zgody-na-uczestnictwo.pdf\">O\u015bwiadczenie o wyra\u017ceniu zgody na uczestnictwo &#8211; ucze\u0144<\/a><\/p>\n<p><a href=\"https:\/\/www.zst.suwalki.pl\/www\/wp-content\/uploads\/2025\/10\/Formularz-zgloszeniowy-nauczyciel.pdf\">Formularz zg\u0142oszeniowy \u2013 nauczyciel<\/a><br \/>\n<a href=\"https:\/\/www.zst.suwalki.pl\/www\/wp-content\/uploads\/2025\/10\/Deklaracja-uczestnictwa-nauczyciel-.pdf\">Deklaracja uczestnictwa &#8211; nauczyciel<\/a><br \/>\n<a href=\"https:\/\/www.zst.suwalki.pl\/www\/wp-content\/uploads\/2025\/10\/Oswiadczenie-o-przetwarzaniu-danych-nauczyciel.pdf\">O\u015bwiadczenie o przetwarzaniu danych &#8211; nauczyciel<\/a><br \/>\n<a href=\"https:\/\/www.zst.suwalki.pl\/www\/wp-content\/uploads\/2025\/10\/Oswiadczenie-o-wyrazenie-zgody-wizerunek-nauczyciel.pdf\">O\u015bwiadczenie o wyra\u017cenie zgody wizerunek &#8211; nauczyciel<\/a><br \/>\n<a href=\"https:\/\/www.zst.suwalki.pl\/www\/wp-content\/uploads\/2025\/10\/Oswiadczenie-o-wyrazeniu-zgody-na-uczestnictwo-nauczyciel.pdf\">O\u015bwiadczenie o wyra\u017ceniu zgody na uczestnictwo &#8211; nauczyciel<\/a><\/p>\n<p><a href=\"https:\/\/www.zst.suwalki.pl\/www\/wp-content\/uploads\/2025\/10\/Regulamin-projektu-ZST.pdf\">Regulamin projektu ZST<\/a><\/p>\n<div class=\"wp-block-image\"><img decoding=\"async\" class=\"wpa-warning wpa-image-missing-alt alignnone wp-image-11982 size-full\" src=\"https:\/\/www.zst.suwalki.pl\/www\/wp-content\/uploads\/2025\/10\/Plakat-SCKZ2-page-001.jpg\" alt=\"\" width=\"2480\" height=\"1754\" data-warning=\"Missing alt text\" srcset=\"https:\/\/www.zst.suwalki.pl\/www\/wp-content\/uploads\/2025\/10\/Plakat-SCKZ2-page-001.jpg 2480w, https:\/\/www.zst.suwalki.pl\/www\/wp-content\/uploads\/2025\/10\/Plakat-SCKZ2-page-001-300x212.jpg 300w, https:\/\/www.zst.suwalki.pl\/www\/wp-content\/uploads\/2025\/10\/Plakat-SCKZ2-page-001-1024x724.jpg 1024w, https:\/\/www.zst.suwalki.pl\/www\/wp-content\/uploads\/2025\/10\/Plakat-SCKZ2-page-001-768x543.jpg 768w, https:\/\/www.zst.suwalki.pl\/www\/wp-content\/uploads\/2025\/10\/Plakat-SCKZ2-page-001-1536x1086.jpg 1536w, https:\/\/www.zst.suwalki.pl\/www\/wp-content\/uploads\/2025\/10\/Plakat-SCKZ2-page-001-2048x1448.jpg 2048w, https:\/\/www.zst.suwalki.pl\/www\/wp-content\/uploads\/2025\/10\/Plakat-SCKZ2-page-001-340x240.jpg 340w\" sizes=\"(max-width: 2480px) 100vw, 2480px\" \/><\/div>\n<hr \/>\n<h4>Aktualno\u015bci<\/h4>\n\n\n<div class=\"su-posts su-posts-default-loop \">\n\n\t\n\t\t\t\t\t\n\t\t\t\n\t\t\t<div id=\"su-post-12452\" class=\"su-post \">\n\n\t\t\t\t\t\t\t\t\t<a class=\"su-post-thumbnail\" href=\"https:\/\/www.zst.suwalki.pl\/www\/rekrutacja-na-bezplatne-szkolenia-i-kursy-specjalistyczne-dla-uczniow\/\"><img decoding=\"async\" width=\"340\" height=\"240\" src=\"https:\/\/www.zst.suwalki.pl\/www\/wp-content\/uploads\/2026\/03\/25-mar-2026-12_29_03-kopia-340x240.jpg\" class=\"attachment-post-thumbnail size-post-thumbnail wp-post-image\" alt=\"\" \/><\/a>\n\t\t\t\t\n\t\t\t\t<h2 class=\"su-post-title\"><a href=\"https:\/\/www.zst.suwalki.pl\/www\/rekrutacja-na-bezplatne-szkolenia-i-kursy-specjalistyczne-dla-uczniow\/\">Rekrutacja na bezp\u0142atne szkolenia i kursy specjalistyczne dla uczni\u00f3w<\/a><\/h2>\n\n\t\t\t\t<div class=\"su-post-meta\">\n\t\t\t\t\tOpublikowano: 26 marca, 2026\t\t\t\t<\/div>\n\n\t\t\t\t<div class=\"su-post-excerpt\">\n\t\t\t\t\t<p>Rozpoczynamy rekrutacj\u0119 na bezp\u0142atne kursy specjalistyczne w ramach projektu \u201eSuwalskie Centra Kszta\u0142cenia Zawodowego. Poprawa jako\u015bci systemu kszta\u0142cenia na terenie Miasta Suwa\u0142ki poprzez modernizacj\u0119 kszta\u0142cenia w Zespole Szk\u00f3\u0142 nr 4, Zespole&hellip;<\/p>\n\t\t\t\t<\/div>\n\n\t\t\t\t\n\t\t\t<\/div>\n\n\t\t\n\t\n<\/div>\n\n\n\n<div class=\"su-posts su-posts-default-loop \">\n\n\t\n\t\t\t\t\t\n\t\t\t\n\t\t\t<div id=\"su-post-12425\" class=\"su-post \">\n\n\t\t\t\t\t\t\t\t\t<a class=\"su-post-thumbnail\" href=\"https:\/\/www.zst.suwalki.pl\/www\/zdobadz-nowe-umiejetnosci-z-zst-zapraszamy-na-kurs-mechatroniki\/\"><img loading=\"lazy\" decoding=\"async\" width=\"340\" height=\"240\" src=\"https:\/\/www.zst.suwalki.pl\/www\/wp-content\/uploads\/2026\/03\/9R1A5117-340x240.jpg\" class=\"attachment-post-thumbnail size-post-thumbnail wp-post-image\" alt=\"\" \/><\/a>\n\t\t\t\t\n\t\t\t\t<h2 class=\"su-post-title\"><a href=\"https:\/\/www.zst.suwalki.pl\/www\/zdobadz-nowe-umiejetnosci-z-zst-zapraszamy-na-kurs-mechatroniki\/\">Zdob\u0105d\u017a nowe umiej\u0119tno\u015bci z ZST! Zapraszamy na Kurs Mechatroniki!<\/a><\/h2>\n\n\t\t\t\t<div class=\"su-post-meta\">\n\t\t\t\t\tOpublikowano: 25 marca, 2026\t\t\t\t<\/div>\n\n\t\t\t\t<div class=\"su-post-excerpt\">\n\t\t\t\t\t<p>Jeste\u015b uczniem naszego technikum i chcesz poszerzy\u0107 swoj\u0105 wiedz\u0119 w praktyce? Mamy co\u015b idealnego! Og\u0142aszamy nab\u00f3r na &#8222;Kurs monta\u017cu i programowania system\u00f3w mechatronicznych&#8221;. To \u015bwietna okazja, aby zdoby\u0107 cenne do\u015bwiadczenie,&hellip;<\/p>\n\t\t\t\t<\/div>\n\n\t\t\t\t\n\t\t\t<\/div>\n\n\t\t\n\t\n<\/div>\n\n\n\n<div class=\"su-posts su-posts-default-loop \">\n\n\t\n\t\t\t\t\t\n\t\t\t\n\t\t\t<div id=\"su-post-12016\" class=\"su-post \">\n\n\t\t\t\t\t\t\t\t\t<a class=\"su-post-thumbnail\" href=\"https:\/\/www.zst.suwalki.pl\/www\/rusza-rekrutacja-na-bezplatne-zajecia-przygotowujace-do-egzaminow-zawodowych-i-matury-oraz-kursy-specjalistyczne\/\"><img loading=\"lazy\" decoding=\"async\" width=\"340\" height=\"240\" src=\"https:\/\/www.zst.suwalki.pl\/www\/wp-content\/uploads\/2025\/11\/sckz_kursy_2025-340x240.jpg\" class=\"attachment-post-thumbnail size-post-thumbnail wp-post-image\" alt=\"\" \/><\/a>\n\t\t\t\t\n\t\t\t\t<h2 class=\"su-post-title\"><a href=\"https:\/\/www.zst.suwalki.pl\/www\/rusza-rekrutacja-na-bezplatne-zajecia-przygotowujace-do-egzaminow-zawodowych-i-matury-oraz-kursy-specjalistyczne\/\">Rusza rekrutacja na bezp\u0142atne zaj\u0119cia przygotowuj\u0105ce do egzamin\u00f3w zawodowych i matury oraz kursy specjalistyczne<\/a><\/h2>\n\n\t\t\t\t<div class=\"su-post-meta\">\n\t\t\t\t\tOpublikowano: 6 listopada, 2025\t\t\t\t<\/div>\n\n\t\t\t\t<div class=\"su-post-excerpt\">\n\t\t\t\t\t<p>Rozpoczynamy rekrutacj\u0119 na bezp\u0142atne zaj\u0119cia przygotowuj\u0105ce do egzamin\u00f3w zawodowych i matury oraz kursy specjalistyczne w ramach projektu \u201eSuwalskie Centra Kszta\u0142cenia Zawodowego. Poprawa jako\u015bci systemu kszta\u0142cenia na terenie Miasta Suwa\u0142ki poprzez&hellip;<\/p>\n\t\t\t\t<\/div>\n\n\t\t\t\t\n\t\t\t<\/div>\n\n\t\t\n\t\n<\/div>\n\n","protected":false},"excerpt":{"rendered":"<p>Projekt \u201eSuwalskie Centra Kszta\u0142cenia Zawodowego. Poprawa jako\u015bci systemu kszta\u0142cenia na terenie Miasta Suwa\u0142ki poprzez modernizacj\u0119 kszta\u0142cenia w Zespole Szk\u00f3\u0142 nr 4, Zespole Szk\u00f3\u0142 nr 6 i w Zespole Szk\u00f3\u0142 Technicznych&hellip;<\/p>\n","protected":false},"author":1,"featured_media":0,"parent":0,"menu_order":0,"comment_status":"closed","ping_status":"closed","template":"","meta":{"_crdt_document":"","footnotes":""},"class_list":["post-11970","page","type-page","status-publish","hentry"],"yoast_head":"<!-- This site is optimized with the Yoast SEO plugin v27.4 - https:\/\/yoast.com\/product\/yoast-seo-wordpress\/ -->\n<title>Suwalskie Centra Kszta\u0142cenia Zawodowego 2025 - Zesp\u00f3\u0142 Szk\u00f3\u0142 Technicznych w Suwa\u0142kach<\/title>\n<meta name=\"robots\" content=\"index, follow, max-snippet:-1, max-image-preview:large, max-video-preview:-1\" \/>\n<link rel=\"canonical\" href=\"https:\/\/www.zst.suwalki.pl\/www\/suwalskie-centra-ksztalcenia-zawodowego-2025-1\/\" \/>\n<meta property=\"og:locale\" content=\"pl_PL\" \/>\n<meta property=\"og:type\" content=\"article\" \/>\n<meta property=\"og:title\" content=\"Suwalskie Centra Kszta\u0142cenia Zawodowego 2025 - Zesp\u00f3\u0142 Szk\u00f3\u0142 Technicznych w Suwa\u0142kach\" \/>\n<meta property=\"og:description\" content=\"Projekt \u201eSuwalskie Centra Kszta\u0142cenia Zawodowego. Poprawa jako\u015bci systemu kszta\u0142cenia na terenie Miasta Suwa\u0142ki poprzez modernizacj\u0119 kszta\u0142cenia w Zespole Szk\u00f3\u0142 nr 4, Zespole Szk\u00f3\u0142 nr 6 i w Zespole Szk\u00f3\u0142 Technicznych&hellip;\" \/>\n<meta property=\"og:url\" content=\"https:\/\/www.zst.suwalki.pl\/www\/suwalskie-centra-ksztalcenia-zawodowego-2025-1\/\" \/>\n<meta property=\"og:site_name\" content=\"Zesp\u00f3\u0142 Szk\u00f3\u0142 Technicznych w Suwa\u0142kach\" \/>\n<meta property=\"article:publisher\" content=\"https:\/\/www.facebook.com\/zstwsuwalkach\" \/>\n<meta property=\"article:modified_time\" content=\"2026-03-25T13:38:49+00:00\" \/>\n<meta property=\"og:image\" content=\"https:\/\/www.zst.suwalki.pl\/www\/wp-content\/uploads\/2025\/10\/FEdP-2021-2027.png\" \/>\n\t<meta property=\"og:image:width\" content=\"1923\" \/>\n\t<meta property=\"og:image:height\" content=\"206\" \/>\n\t<meta property=\"og:image:type\" content=\"image\/png\" \/>\n<meta name=\"twitter:card\" content=\"summary_large_image\" \/>\n<meta name=\"twitter:label1\" content=\"Szacowany czas czytania\" \/>\n\t<meta name=\"twitter:data1\" content=\"2 minuty\" \/>\n<script type=\"application\/ld+json\" class=\"yoast-schema-graph\">{\"@context\":\"https:\\\/\\\/schema.org\",\"@graph\":[{\"@type\":\"WebPage\",\"@id\":\"https:\\\/\\\/www.zst.suwalki.pl\\\/www\\\/suwalskie-centra-ksztalcenia-zawodowego-2025-1\\\/\",\"url\":\"https:\\\/\\\/www.zst.suwalki.pl\\\/www\\\/suwalskie-centra-ksztalcenia-zawodowego-2025-1\\\/\",\"name\":\"Suwalskie Centra Kszta\u0142cenia Zawodowego 2025 - Zesp\u00f3\u0142 Szk\u00f3\u0142 Technicznych w Suwa\u0142kach\",\"isPartOf\":{\"@id\":\"https:\\\/\\\/www.zst.suwalki.pl\\\/www\\\/#website\"},\"primaryImageOfPage\":{\"@id\":\"https:\\\/\\\/www.zst.suwalki.pl\\\/www\\\/suwalskie-centra-ksztalcenia-zawodowego-2025-1\\\/#primaryimage\"},\"image\":{\"@id\":\"https:\\\/\\\/www.zst.suwalki.pl\\\/www\\\/suwalskie-centra-ksztalcenia-zawodowego-2025-1\\\/#primaryimage\"},\"thumbnailUrl\":\"https:\\\/\\\/www.zst.suwalki.pl\\\/www\\\/wp-content\\\/uploads\\\/2025\\\/10\\\/FEdP-2021-2027.png\",\"datePublished\":\"2025-10-26T15:03:22+00:00\",\"dateModified\":\"2026-03-25T13:38:49+00:00\",\"breadcrumb\":{\"@id\":\"https:\\\/\\\/www.zst.suwalki.pl\\\/www\\\/suwalskie-centra-ksztalcenia-zawodowego-2025-1\\\/#breadcrumb\"},\"inLanguage\":\"pl-PL\",\"potentialAction\":[{\"@type\":\"ReadAction\",\"target\":[\"https:\\\/\\\/www.zst.suwalki.pl\\\/www\\\/suwalskie-centra-ksztalcenia-zawodowego-2025-1\\\/\"]}]},{\"@type\":\"ImageObject\",\"inLanguage\":\"pl-PL\",\"@id\":\"https:\\\/\\\/www.zst.suwalki.pl\\\/www\\\/suwalskie-centra-ksztalcenia-zawodowego-2025-1\\\/#primaryimage\",\"url\":\"https:\\\/\\\/www.zst.suwalki.pl\\\/www\\\/wp-content\\\/uploads\\\/2025\\\/10\\\/FEdP-2021-2027.png\",\"contentUrl\":\"https:\\\/\\\/www.zst.suwalki.pl\\\/www\\\/wp-content\\\/uploads\\\/2025\\\/10\\\/FEdP-2021-2027.png\",\"width\":1923,\"height\":206},{\"@type\":\"BreadcrumbList\",\"@id\":\"https:\\\/\\\/www.zst.suwalki.pl\\\/www\\\/suwalskie-centra-ksztalcenia-zawodowego-2025-1\\\/#breadcrumb\",\"itemListElement\":[{\"@type\":\"ListItem\",\"position\":1,\"name\":\"Strona g\u0142\u00f3wna\",\"item\":\"https:\\\/\\\/www.zst.suwalki.pl\\\/www\\\/\"},{\"@type\":\"ListItem\",\"position\":2,\"name\":\"Suwalskie Centra Kszta\u0142cenia Zawodowego 2025\"}]},{\"@type\":\"WebSite\",\"@id\":\"https:\\\/\\\/www.zst.suwalki.pl\\\/www\\\/#website\",\"url\":\"https:\\\/\\\/www.zst.suwalki.pl\\\/www\\\/\",\"name\":\"Zesp\u00f3\u0142 Szk\u00f3\u0142 Technicznych w Suwa\u0142kach\",\"description\":\"technikum, suwa\u0142ki, mechatronik, informatyk, teleinformatyk, budownictwo, elektryk, mechanik, monter, fryzjer, cukiernik, grafik,\",\"publisher\":{\"@id\":\"https:\\\/\\\/www.zst.suwalki.pl\\\/www\\\/#organization\"},\"potentialAction\":[{\"@type\":\"SearchAction\",\"target\":{\"@type\":\"EntryPoint\",\"urlTemplate\":\"https:\\\/\\\/www.zst.suwalki.pl\\\/www\\\/?s={search_term_string}\"},\"query-input\":{\"@type\":\"PropertyValueSpecification\",\"valueRequired\":true,\"valueName\":\"search_term_string\"}}],\"inLanguage\":\"pl-PL\"},{\"@type\":\"Organization\",\"@id\":\"https:\\\/\\\/www.zst.suwalki.pl\\\/www\\\/#organization\",\"name\":\"Zesp\u00f3\u0142 Szk\u00f3\u0142 Technicznych w Suwa\u0142kach\",\"url\":\"https:\\\/\\\/www.zst.suwalki.pl\\\/www\\\/\",\"logo\":{\"@type\":\"ImageObject\",\"inLanguage\":\"pl-PL\",\"@id\":\"https:\\\/\\\/www.zst.suwalki.pl\\\/www\\\/#\\\/schema\\\/logo\\\/image\\\/\",\"url\":\"https:\\\/\\\/www.zst.suwalki.pl\\\/www\\\/wp-content\\\/uploads\\\/2019\\\/01\\\/cropped-banner_logo_zst.png\",\"contentUrl\":\"https:\\\/\\\/www.zst.suwalki.pl\\\/www\\\/wp-content\\\/uploads\\\/2019\\\/01\\\/cropped-banner_logo_zst.png\",\"width\":290,\"height\":70,\"caption\":\"Zesp\u00f3\u0142 Szk\u00f3\u0142 Technicznych w Suwa\u0142kach\"},\"image\":{\"@id\":\"https:\\\/\\\/www.zst.suwalki.pl\\\/www\\\/#\\\/schema\\\/logo\\\/image\\\/\"},\"sameAs\":[\"https:\\\/\\\/www.facebook.com\\\/zstwsuwalkach\"]}]}<\/script>\n<!-- \/ Yoast SEO plugin. -->","yoast_head_json":{"title":"Suwalskie Centra Kszta\u0142cenia Zawodowego 2025 - Zesp\u00f3\u0142 Szk\u00f3\u0142 Technicznych w Suwa\u0142kach","robots":{"index":"index","follow":"follow","max-snippet":"max-snippet:-1","max-image-preview":"max-image-preview:large","max-video-preview":"max-video-preview:-1"},"canonical":"https:\/\/www.zst.suwalki.pl\/www\/suwalskie-centra-ksztalcenia-zawodowego-2025-1\/","og_locale":"pl_PL","og_type":"article","og_title":"Suwalskie Centra Kszta\u0142cenia Zawodowego 2025 - Zesp\u00f3\u0142 Szk\u00f3\u0142 Technicznych w Suwa\u0142kach","og_description":"Projekt \u201eSuwalskie Centra Kszta\u0142cenia Zawodowego. Poprawa jako\u015bci systemu kszta\u0142cenia na terenie Miasta Suwa\u0142ki poprzez modernizacj\u0119 kszta\u0142cenia w Zespole Szk\u00f3\u0142 nr 4, Zespole Szk\u00f3\u0142 nr 6 i w Zespole Szk\u00f3\u0142 Technicznych&hellip;","og_url":"https:\/\/www.zst.suwalki.pl\/www\/suwalskie-centra-ksztalcenia-zawodowego-2025-1\/","og_site_name":"Zesp\u00f3\u0142 Szk\u00f3\u0142 Technicznych w Suwa\u0142kach","article_publisher":"https:\/\/www.facebook.com\/zstwsuwalkach","article_modified_time":"2026-03-25T13:38:49+00:00","og_image":[{"width":1923,"height":206,"url":"https:\/\/www.zst.suwalki.pl\/www\/wp-content\/uploads\/2025\/10\/FEdP-2021-2027.png","type":"image\/png"}],"twitter_card":"summary_large_image","twitter_misc":{"Szacowany czas czytania":"2 minuty"},"schema":{"@context":"https:\/\/schema.org","@graph":[{"@type":"WebPage","@id":"https:\/\/www.zst.suwalki.pl\/www\/suwalskie-centra-ksztalcenia-zawodowego-2025-1\/","url":"https:\/\/www.zst.suwalki.pl\/www\/suwalskie-centra-ksztalcenia-zawodowego-2025-1\/","name":"Suwalskie Centra Kszta\u0142cenia Zawodowego 2025 - Zesp\u00f3\u0142 Szk\u00f3\u0142 Technicznych w Suwa\u0142kach","isPartOf":{"@id":"https:\/\/www.zst.suwalki.pl\/www\/#website"},"primaryImageOfPage":{"@id":"https:\/\/www.zst.suwalki.pl\/www\/suwalskie-centra-ksztalcenia-zawodowego-2025-1\/#primaryimage"},"image":{"@id":"https:\/\/www.zst.suwalki.pl\/www\/suwalskie-centra-ksztalcenia-zawodowego-2025-1\/#primaryimage"},"thumbnailUrl":"https:\/\/www.zst.suwalki.pl\/www\/wp-content\/uploads\/2025\/10\/FEdP-2021-2027.png","datePublished":"2025-10-26T15:03:22+00:00","dateModified":"2026-03-25T13:38:49+00:00","breadcrumb":{"@id":"https:\/\/www.zst.suwalki.pl\/www\/suwalskie-centra-ksztalcenia-zawodowego-2025-1\/#breadcrumb"},"inLanguage":"pl-PL","potentialAction":[{"@type":"ReadAction","target":["https:\/\/www.zst.suwalki.pl\/www\/suwalskie-centra-ksztalcenia-zawodowego-2025-1\/"]}]},{"@type":"ImageObject","inLanguage":"pl-PL","@id":"https:\/\/www.zst.suwalki.pl\/www\/suwalskie-centra-ksztalcenia-zawodowego-2025-1\/#primaryimage","url":"https:\/\/www.zst.suwalki.pl\/www\/wp-content\/uploads\/2025\/10\/FEdP-2021-2027.png","contentUrl":"https:\/\/www.zst.suwalki.pl\/www\/wp-content\/uploads\/2025\/10\/FEdP-2021-2027.png","width":1923,"height":206},{"@type":"BreadcrumbList","@id":"https:\/\/www.zst.suwalki.pl\/www\/suwalskie-centra-ksztalcenia-zawodowego-2025-1\/#breadcrumb","itemListElement":[{"@type":"ListItem","position":1,"name":"Strona g\u0142\u00f3wna","item":"https:\/\/www.zst.suwalki.pl\/www\/"},{"@type":"ListItem","position":2,"name":"Suwalskie Centra Kszta\u0142cenia Zawodowego 2025"}]},{"@type":"WebSite","@id":"https:\/\/www.zst.suwalki.pl\/www\/#website","url":"https:\/\/www.zst.suwalki.pl\/www\/","name":"Zesp\u00f3\u0142 Szk\u00f3\u0142 Technicznych w Suwa\u0142kach","description":"technikum, suwa\u0142ki, mechatronik, informatyk, teleinformatyk, budownictwo, elektryk, mechanik, monter, fryzjer, cukiernik, grafik,","publisher":{"@id":"https:\/\/www.zst.suwalki.pl\/www\/#organization"},"potentialAction":[{"@type":"SearchAction","target":{"@type":"EntryPoint","urlTemplate":"https:\/\/www.zst.suwalki.pl\/www\/?s={search_term_string}"},"query-input":{"@type":"PropertyValueSpecification","valueRequired":true,"valueName":"search_term_string"}}],"inLanguage":"pl-PL"},{"@type":"Organization","@id":"https:\/\/www.zst.suwalki.pl\/www\/#organization","name":"Zesp\u00f3\u0142 Szk\u00f3\u0142 Technicznych w Suwa\u0142kach","url":"https:\/\/www.zst.suwalki.pl\/www\/","logo":{"@type":"ImageObject","inLanguage":"pl-PL","@id":"https:\/\/www.zst.suwalki.pl\/www\/#\/schema\/logo\/image\/","url":"https:\/\/www.zst.suwalki.pl\/www\/wp-content\/uploads\/2019\/01\/cropped-banner_logo_zst.png","contentUrl":"https:\/\/www.zst.suwalki.pl\/www\/wp-content\/uploads\/2019\/01\/cropped-banner_logo_zst.png","width":290,"height":70,"caption":"Zesp\u00f3\u0142 Szk\u00f3\u0142 Technicznych w Suwa\u0142kach"},"image":{"@id":"https:\/\/www.zst.suwalki.pl\/www\/#\/schema\/logo\/image\/"},"sameAs":["https:\/\/www.facebook.com\/zstwsuwalkach"]}]}},"_links":{"self":[{"href":"https:\/\/www.zst.suwalki.pl\/www\/wp-json\/wp\/v2\/pages\/11970","targetHints":{"allow":["GET"]}}],"collection":[{"href":"https:\/\/www.zst.suwalki.pl\/www\/wp-json\/wp\/v2\/pages"}],"about":[{"href":"https:\/\/www.zst.suwalki.pl\/www\/wp-json\/wp\/v2\/types\/page"}],"author":[{"embeddable":true,"href":"https:\/\/www.zst.suwalki.pl\/www\/wp-json\/wp\/v2\/users\/1"}],"replies":[{"embeddable":true,"href":"https:\/\/www.zst.suwalki.pl\/www\/wp-json\/wp\/v2\/comments?post=11970"}],"version-history":[{"count":11,"href":"https:\/\/www.zst.suwalki.pl\/www\/wp-json\/wp\/v2\/pages\/11970\/revisions"}],"predecessor-version":[{"id":12459,"href":"https:\/\/www.zst.suwalki.pl\/www\/wp-json\/wp\/v2\/pages\/11970\/revisions\/12459"}],"wp:attachment":[{"href":"https:\/\/www.zst.suwalki.pl\/www\/wp-json\/wp\/v2\/media?parent=11970"}],"curies":[{"name":"wp","href":"https:\/\/api.w.org\/{rel}","templated":true}]}}