{"id":12075,"date":"2025-11-18T15:04:29","date_gmt":"2025-11-18T13:04:29","guid":{"rendered":"https:\/\/www.zst.suwalki.pl\/www\/?page_id=12075"},"modified":"2026-03-31T10:55:06","modified_gmt":"2026-03-31T08:55:06","slug":"erasmus-akredytacja-2025","status":"publish","type":"page","link":"https:\/\/www.zst.suwalki.pl\/www\/erasmus-akredytacja-2025\/","title":{"rendered":"Erasmus+ Akredytacja 2025"},"content":{"rendered":"<p><strong>Projekt nr 2025-1-PL01-KA121-VET-000317596 realizowany w ramach programu Erasmus+<\/strong><\/p>\n<p>W ramach projektu zostan\u0105 zrealizowany zostanie wyjazd uczni\u00f3w (I kwarta\u0142 2025r.) na trzytygodniowe sta\u017ce zawodowe w przedsi\u0119biorstwach w Hiszpanii (Grenada) w bran\u017cach zgodnych z obranym przez uczni\u00f3w profilem kszta\u0142cenia.<\/p>\n<p>Uczestnikami projektu b\u0119d\u0105 uczniowie technikum z Zespo\u0142u Szk\u00f3\u0142 Technicznych w Suwa\u0142kach (25 uczni\u00f3w i 3 opiekun\u00f3w) o profilach kszta\u0142cenia zawodowego: technik automatyk, technik budownictwa, technik grafiki i poligrafii cyfrowej, technik mechanik, technik mechatronik, technik teleinformatyk.<\/p>\n<p>Nauczyciele opr\u00f3cz opieki nad uczestnikami sta\u017cy b\u0119d\u0105 pe\u0142ni\u0107 nadz\u00f3r merytoryczny realizowanej mobilno\u015bci.<\/p>\n<p>G\u0142\u00f3wne cele projektu to:<\/p>\n<ul>\n<li>doskonalenie kompetencji kluczowych uczni\u00f3w, w tym kompetencji j\u0119zykowych, zw\u0142aszcza j\u0119zyka angielskiego zawodowego,<\/li>\n<li>rozwijanie nowych oraz podnoszenie poziomu posiadanych umiej\u0119tno\u015bci w obszarze kszta\u0142cenia zawodowego.<\/li>\n<li>intensywna nauka poprzez aktywne do\u015bwiadczanie w danym sektorze bran\u017cowym,<\/li>\n<li>radzenie sobie w odmiennym kulturowo \u015brodowisku zawodowym.<\/li>\n<\/ul>\n<p>W ramach projektu uczniowi zapewniamy:<\/p>\n<ul>\n<li>zaj\u0119cia przygotowawcze (j\u0119zykowe, kulturowe, pedagogiczne),<\/li>\n<li>sta\u017ce w mi\u0119dzynarodowych firmach,<\/li>\n<li>zakwaterowanie i wy\u017cywienie,<\/li>\n<li>certyfikaty potwierdzaj\u0105ce sta\u017ce zagraniczne,<\/li>\n<li>transport i ubezpieczenie,<\/li>\n<li>wycieczki kulturowe podczas pobytu w Hiszpani,<\/li>\n<li>kieszonkowe.<\/li>\n<\/ul>\n<p>Termin rekrutacji: <strong>17.11.2025 &#8211; 28.11.2025r.<\/strong><\/p>\n<p>Aby wzi\u0105\u0107 udzia\u0142 w projekcie i wyjecha\u0107 na sta\u017c do firmy w Grenadzie nale\u017cy z\u0142o\u017cy\u0107 komplet dokument\u00f3w rekrutacyjnych w Biurze Projektu.<\/p>\n<p>Dokumenty dost\u0119pne do pobrania na stronie internetowej szko\u0142y oraz w Biurze projektu pok\u00f3j B3 (BDM).<\/p>\n<p>Regulamin rekrutacji<\/p>\n<ol>\n<li>formularz rekrutacyjny (za\u0142\u0105cznik nr 1), o\u015bwiadczenie uczestnika projektu (za\u0142\u0105cznik nr 2), deklaracja uczestnictwa (za\u0142\u0105cznik nr 3) &#8211; <a href=\"https:\/\/www.zst.suwalki.pl\/www\/wp-content\/uploads\/2025\/11\/Dokumenty-rekrutacyjne-zal.-123.pdf\">TUTAJ<\/a><\/li>\n<li>Europass CV w j. angielskim ze zdj\u0119ciem wg. <a href=\"https:\/\/twoj-europass.org.pl\/dokumenty\/kreator-cv\/\">https:\/\/twoj-europass.org.pl\/dokumenty\/kreator-cv\/<\/a><\/li>\n<li>Regulamin rekrutacji i uczestnictwa Erasmus 2025 &#8211; <a href=\"https:\/\/www.zst.suwalki.pl\/www\/wp-content\/uploads\/2025\/11\/regulamin-rekrutacji-i-uczestnictwa-Erasmus-2025.pdf\">TUTAJ<\/a><\/li>\n<\/ol>\n<div class=\"wp-block-image\"><img fetchpriority=\"high\" decoding=\"async\" class=\"wpa-warning wpa-image-missing-alt alignnone wp-image-12078 size-full\" src=\"https:\/\/www.zst.suwalki.pl\/www\/wp-content\/uploads\/2025\/11\/Plakat-ZST-Suwalki-Grenada-page-001-scaled.jpg\" alt=\"\" width=\"1810\" height=\"2560\" data-warning=\"Missing alt text\" srcset=\"https:\/\/www.zst.suwalki.pl\/www\/wp-content\/uploads\/2025\/11\/Plakat-ZST-Suwalki-Grenada-page-001-scaled.jpg 1810w, https:\/\/www.zst.suwalki.pl\/www\/wp-content\/uploads\/2025\/11\/Plakat-ZST-Suwalki-Grenada-page-001-212x300.jpg 212w, https:\/\/www.zst.suwalki.pl\/www\/wp-content\/uploads\/2025\/11\/Plakat-ZST-Suwalki-Grenada-page-001-724x1024.jpg 724w, https:\/\/www.zst.suwalki.pl\/www\/wp-content\/uploads\/2025\/11\/Plakat-ZST-Suwalki-Grenada-page-001-768x1086.jpg 768w, https:\/\/www.zst.suwalki.pl\/www\/wp-content\/uploads\/2025\/11\/Plakat-ZST-Suwalki-Grenada-page-001-1086x1536.jpg 1086w, https:\/\/www.zst.suwalki.pl\/www\/wp-content\/uploads\/2025\/11\/Plakat-ZST-Suwalki-Grenada-page-001-1448x2048.jpg 1448w\" sizes=\"(max-width: 1810px) 100vw, 1810px\" \/><\/div>\n<p>&nbsp;<\/p>\n<hr \/>\n\n\n<div class=\"su-posts su-posts-default-loop \">\n\n\t\n\t\t\t\t\t\n\t\t\t\n\t\t\t<div id=\"su-post-12485\" class=\"su-post \">\n\n\t\t\t\t\t\t\t\t\t<a class=\"su-post-thumbnail\" href=\"https:\/\/www.zst.suwalki.pl\/www\/spotkania-ewaluacyjne-z-wyjazdu-na-staze-zagraniczne-do-hiszpanii-4\/\"><img decoding=\"async\" width=\"340\" height=\"240\" src=\"https:\/\/www.zst.suwalki.pl\/www\/wp-content\/uploads\/2026\/03\/20260324_140646-340x240.jpg\" class=\"attachment-post-thumbnail size-post-thumbnail wp-post-image\" alt=\"\" \/><\/a>\n\t\t\t\t\n\t\t\t\t<h2 class=\"su-post-title\"><a href=\"https:\/\/www.zst.suwalki.pl\/www\/spotkania-ewaluacyjne-z-wyjazdu-na-staze-zagraniczne-do-hiszpanii-4\/\">Spotkania ewaluacyjne z wyjazdu na sta\u017ce zagraniczne do Hiszpanii<\/a><\/h2>\n\n\t\t\t\t<div class=\"su-post-meta\">\n\t\t\t\t\tOpublikowano: 1 kwietnia, 2026\t\t\t\t<\/div>\n\n\t\t\t\t<div class=\"su-post-excerpt\">\n\t\t\t\t\t<p>W dniu 24 marca 2026r. odby\u0142o si\u0119 spotkanie ewaluacyjne z wyjazdu uczni\u00f3w ZST w Suwa\u0142kach do Hiszpanii na sta\u017ce zagraniczne w ramach projektu Akredytacyjnego o nr 2025-1-PL01-KA121-VET-000317596 realizowanego jest ze&hellip;<\/p>\n\t\t\t\t<\/div>\n\n\t\t\t\t\n\t\t\t<\/div>\n\n\t\t\n\t\n<\/div>\n\n\n\n<div class=\"su-posts su-posts-default-loop \">\n\n\t\n\t\t\t\t\t\n\t\t\t\n\t\t\t<div id=\"su-post-12468\" class=\"su-post \">\n\n\t\t\t\t\t\t\t\t\t<a class=\"su-post-thumbnail\" href=\"https:\/\/www.zst.suwalki.pl\/www\/podsumowanie-stazy-zagranicznych-uczniow-w-grenadzie\/\"><img decoding=\"async\" width=\"340\" height=\"240\" src=\"https:\/\/www.zst.suwalki.pl\/www\/wp-content\/uploads\/2026\/03\/IMG-20260223-WA0001a-340x240.jpg\" class=\"attachment-post-thumbnail size-post-thumbnail wp-post-image\" alt=\"\" \/><\/a>\n\t\t\t\t\n\t\t\t\t<h2 class=\"su-post-title\"><a href=\"https:\/\/www.zst.suwalki.pl\/www\/podsumowanie-stazy-zagranicznych-uczniow-w-grenadzie\/\">Podsumowanie sta\u017cy zagranicznych uczni\u00f3w w Grenadzie<\/a><\/h2>\n\n\t\t\t\t<div class=\"su-post-meta\">\n\t\t\t\t\tOpublikowano: 30 marca, 2026\t\t\t\t<\/div>\n\n\t\t\t\t<div class=\"su-post-excerpt\">\n\t\t\t\t\t<p>W dniach 23.02.2026 \u2013 13.03.2026 grupa 24 uczni\u00f3w z ZST w Suwa\u0142kach z klas o profilach: technik grafiki i poligrafii cyfrowej, technik budownictwa, technik mechatronik, technik automatyk odbywa\u0142a sta\u017c w&hellip;<\/p>\n\t\t\t\t<\/div>\n\n\t\t\t\t\n\t\t\t<\/div>\n\n\t\t\n\t\n<\/div>\n\n\n\n<div class=\"su-posts su-posts-default-loop \">\n\n\t\n\t\t\t\t\t\n\t\t\t\n\t\t\t<div id=\"su-post-12348\" class=\"su-post \">\n\n\t\t\t\t\t\t\t\t\t<a class=\"su-post-thumbnail\" href=\"https:\/\/www.zst.suwalki.pl\/www\/pierwszy-tydzien-stazu-w-granadzie-nauka-praktyka-i-hiszpanska-kultura\/\"><img loading=\"lazy\" decoding=\"async\" width=\"340\" height=\"240\" src=\"https:\/\/www.zst.suwalki.pl\/www\/wp-content\/uploads\/2026\/03\/13-340x240.jpg\" class=\"attachment-post-thumbnail size-post-thumbnail wp-post-image\" alt=\"\" \/><\/a>\n\t\t\t\t\n\t\t\t\t<h2 class=\"su-post-title\"><a href=\"https:\/\/www.zst.suwalki.pl\/www\/pierwszy-tydzien-stazu-w-granadzie-nauka-praktyka-i-hiszpanska-kultura\/\">Pierwszy tydzie\u0144 sta\u017cu w Granadzie &#8211; nauka, praktyka i hiszpa\u0144ska kultura<\/a><\/h2>\n\n\t\t\t\t<div class=\"su-post-meta\">\n\t\t\t\t\tOpublikowano: 4 marca, 2026\t\t\t\t<\/div>\n\n\t\t\t\t<div class=\"su-post-excerpt\">\n\t\t\t\t\t<p>Pierwszy tydzie\u0144 sta\u017cu w Granadzie by\u0142 dla uczni\u00f3w czasem intensywnej pracy, nauki oraz poznawania hiszpa\u0144skiej kultury. Ka\u017cda z grup zawodowych realizowa\u0142a zadania zgodne ze swoim kierunkiem kszta\u0142cenia, zdobywaj\u0105c nowe do\u015bwiadczenia&hellip;<\/p>\n\t\t\t\t<\/div>\n\n\t\t\t\t\n\t\t\t<\/div>\n\n\t\t\n\t\n<\/div>\n\n\n\n<div class=\"su-posts su-posts-default-loop \">\n\n\t\n\t\t\t\t\t\n\t\t\t\n\t\t\t<div id=\"su-post-12289\" class=\"su-post \">\n\n\t\t\t\t\t\t\t\t\t<a class=\"su-post-thumbnail\" href=\"https:\/\/www.zst.suwalki.pl\/www\/spotkanie-z-przygotowania-kulturowego-do-zagranicznych-stazy-w-grenadzie\/\"><img loading=\"lazy\" decoding=\"async\" width=\"340\" height=\"240\" src=\"https:\/\/www.zst.suwalki.pl\/www\/wp-content\/uploads\/2026\/02\/IMG-20260206-WA0013-340x240.jpg\" class=\"attachment-post-thumbnail size-post-thumbnail wp-post-image\" alt=\"\" \/><\/a>\n\t\t\t\t\n\t\t\t\t<h2 class=\"su-post-title\"><a href=\"https:\/\/www.zst.suwalki.pl\/www\/spotkanie-z-przygotowania-kulturowego-do-zagranicznych-stazy-w-grenadzie\/\">Spotkanie z przygotowania kulturowego do zagranicznych sta\u017cy w Grenadzie<\/a><\/h2>\n\n\t\t\t\t<div class=\"su-post-meta\">\n\t\t\t\t\tOpublikowano: 10 lutego, 2026\t\t\t\t<\/div>\n\n\t\t\t\t<div class=\"su-post-excerpt\">\n\t\t\t\t\t<p>W dniu 06.02.2026r. odby\u0142o si\u0119 spotkanie z uczestnikami projektu o nr 2025-1-PL01-KA121-VET-000317596 w ramach przygotowania kulturowego.<\/p>\n\t\t\t\t<\/div>\n\n\t\t\t\t\n\t\t\t<\/div>\n\n\t\t\n\t\n<\/div>\n\n\n\n<div class=\"su-posts su-posts-default-loop \">\n\n\t\n\t\t\t\t\t\n\t\t\t\n\t\t\t<div id=\"su-post-12276\" class=\"su-post \">\n\n\t\t\t\t\t\t\t\t\t<a class=\"su-post-thumbnail\" href=\"https:\/\/www.zst.suwalki.pl\/www\/spotkanie-z-przygotowania-kulturowego-do-zagranicznych-stazy-w-hiszpanii-4\/\"><img loading=\"lazy\" decoding=\"async\" width=\"340\" height=\"240\" src=\"https:\/\/www.zst.suwalki.pl\/www\/wp-content\/uploads\/2026\/01\/IMG-20260114-WA0037-340x240.jpg\" class=\"attachment-post-thumbnail size-post-thumbnail wp-post-image\" alt=\"\" \/><\/a>\n\t\t\t\t\n\t\t\t\t<h2 class=\"su-post-title\"><a href=\"https:\/\/www.zst.suwalki.pl\/www\/spotkanie-z-przygotowania-kulturowego-do-zagranicznych-stazy-w-hiszpanii-4\/\">Spotkanie z przygotowania kulturowego do zagranicznych sta\u017cy w Hiszpanii<\/a><\/h2>\n\n\t\t\t\t<div class=\"su-post-meta\">\n\t\t\t\t\tOpublikowano: 29 stycznia, 2026\t\t\t\t<\/div>\n\n\t\t\t\t<div class=\"su-post-excerpt\">\n\t\t\t\t\t<p>W dniu 14.01.2026r. odby\u0142o si\u0119 spotkanie z uczestnikami projektu o nr 2025-1-PL01-KA121-VET-000317596 w ramach przygotowania kulturowego.<\/p>\n\t\t\t\t<\/div>\n\n\t\t\t\t\n\t\t\t<\/div>\n\n\t\t\n\t\n<\/div>\n\n\n\n<div class=\"su-posts su-posts-default-loop \">\n\n\t\n\t\t\t\t\t\n\t\t\t\n\t\t\t<div id=\"su-post-12232\" class=\"su-post \">\n\n\t\t\t\t\t\t\t\t\t<a class=\"su-post-thumbnail\" href=\"https:\/\/www.zst.suwalki.pl\/www\/spotkanie-organizacyjne-do-zagranicznych-stazy-w-granadzie-w-hiszpanii\/\"><img loading=\"lazy\" decoding=\"async\" width=\"340\" height=\"240\" src=\"https:\/\/www.zst.suwalki.pl\/www\/wp-content\/uploads\/2025\/12\/20251217_124340-340x240.jpg\" class=\"attachment-post-thumbnail size-post-thumbnail wp-post-image\" alt=\"\" \/><\/a>\n\t\t\t\t\n\t\t\t\t<h2 class=\"su-post-title\"><a href=\"https:\/\/www.zst.suwalki.pl\/www\/spotkanie-organizacyjne-do-zagranicznych-stazy-w-granadzie-w-hiszpanii\/\">Spotkanie organizacyjne do zagranicznych sta\u017cy w Granadzie w Hiszpanii<\/a><\/h2>\n\n\t\t\t\t<div class=\"su-post-meta\">\n\t\t\t\t\tOpublikowano: 22 grudnia, 2025\t\t\t\t<\/div>\n\n\t\t\t\t<div class=\"su-post-excerpt\">\n\t\t\t\t\t<p>W dniu 17.12.2025r. odby\u0142o si\u0119 spotkanie organizacyjne z uczestnikami projektu Erasmus+ Akredytacja 2025 o nr 2025-1-PL01-KA121-VET-000317596.<\/p>\n\t\t\t\t<\/div>\n\n\t\t\t\t\n\t\t\t<\/div>\n\n\t\t\n\t\n<\/div>\n\n\n\n<div class=\"su-posts su-posts-default-loop \">\n\n\t\n\t\t\t\t\t\n\t\t\t\n\t\t\t<div id=\"su-post-12192\" class=\"su-post \">\n\n\t\t\t\t\t\t\t\t\t<a class=\"su-post-thumbnail\" href=\"https:\/\/www.zst.suwalki.pl\/www\/lista-osob-zakwalifikowanych-do-udzialu-w-projekcie-erasmus-2025-2026\/\"><img loading=\"lazy\" decoding=\"async\" width=\"340\" height=\"191\" src=\"https:\/\/www.zst.suwalki.pl\/www\/wp-content\/uploads\/2024\/07\/PL-Dofinansowane-przez-UE_POS-340x191.png\" class=\"attachment-post-thumbnail size-post-thumbnail wp-post-image\" alt=\"\" \/><\/a>\n\t\t\t\t\n\t\t\t\t<h2 class=\"su-post-title\"><a href=\"https:\/\/www.zst.suwalki.pl\/www\/lista-osob-zakwalifikowanych-do-udzialu-w-projekcie-erasmus-2025-2026\/\">Lista os\u00f3b zakwalifikowanych do udzia\u0142u w projekcie Erasmus+ 2025\/2026<\/a><\/h2>\n\n\t\t\t\t<div class=\"su-post-meta\">\n\t\t\t\t\tOpublikowano: 16 grudnia, 2025\t\t\t\t<\/div>\n\n\t\t\t\t<div class=\"su-post-excerpt\">\n\t\t\t\t\t<p>Lista os\u00f3b zakwalifikowanych do udzia\u0142u w projekcie 2025-1-PL01-KA121-VET-000317596 realizowanego ze \u015brodk\u00f3w Programu Erasmus+ sektor Kszta\u0142cenie i szkolenia zawodowe &#8211; 2025\/2026:<\/p>\n\t\t\t\t<\/div>\n\n\t\t\t\t\n\t\t\t<\/div>\n\n\t\t\n\t\n<\/div>\n\n","protected":false},"excerpt":{"rendered":"<p>Projekt nr 2025-1-PL01-KA121-VET-000317596 realizowany w ramach programu Erasmus+ W ramach projektu zostan\u0105 zrealizowany zostanie wyjazd uczni\u00f3w (I kwarta\u0142 2025r.) na trzytygodniowe sta\u017ce zawodowe w przedsi\u0119biorstwach w Hiszpanii (Grenada) w bran\u017cach&hellip;<\/p>\n","protected":false},"author":1,"featured_media":10903,"parent":0,"menu_order":0,"comment_status":"closed","ping_status":"closed","template":"","meta":{"_crdt_document":"","footnotes":""},"class_list":["post-12075","page","type-page","status-publish","has-post-thumbnail","hentry"],"yoast_head":"<!-- This site is optimized with the Yoast SEO plugin v27.5 - https:\/\/yoast.com\/product\/yoast-seo-wordpress\/ -->\n<title>Erasmus+ Akredytacja 2025 - Zesp\u00f3\u0142 Szk\u00f3\u0142 Technicznych w Suwa\u0142kach<\/title>\n<meta name=\"robots\" content=\"index, follow, max-snippet:-1, max-image-preview:large, max-video-preview:-1\" \/>\n<link rel=\"canonical\" href=\"https:\/\/www.zst.suwalki.pl\/www\/erasmus-akredytacja-2025\/\" \/>\n<meta property=\"og:locale\" content=\"pl_PL\" \/>\n<meta property=\"og:type\" content=\"article\" \/>\n<meta property=\"og:title\" content=\"Erasmus+ Akredytacja 2025 - Zesp\u00f3\u0142 Szk\u00f3\u0142 Technicznych w Suwa\u0142kach\" \/>\n<meta property=\"og:description\" content=\"Projekt nr 2025-1-PL01-KA121-VET-000317596 realizowany w ramach programu Erasmus+ W ramach projektu zostan\u0105 zrealizowany zostanie wyjazd uczni\u00f3w (I kwarta\u0142 2025r.) na trzytygodniowe sta\u017ce zawodowe w przedsi\u0119biorstwach w Hiszpanii (Grenada) w bran\u017cach&hellip;\" \/>\n<meta property=\"og:url\" content=\"https:\/\/www.zst.suwalki.pl\/www\/erasmus-akredytacja-2025\/\" \/>\n<meta property=\"og:site_name\" content=\"Zesp\u00f3\u0142 Szk\u00f3\u0142 Technicznych w Suwa\u0142kach\" \/>\n<meta property=\"article:publisher\" content=\"https:\/\/www.facebook.com\/zstwsuwalkach\" \/>\n<meta property=\"article:modified_time\" content=\"2026-03-31T08:55:06+00:00\" \/>\n<meta property=\"og:image\" content=\"https:\/\/www.zst.suwalki.pl\/www\/wp-content\/uploads\/2024\/07\/PL-Dofinansowane-przez-UE_POS.png\" \/>\n\t<meta property=\"og:image:width\" content=\"1000\" \/>\n\t<meta property=\"og:image:height\" content=\"191\" \/>\n\t<meta property=\"og:image:type\" content=\"image\/png\" \/>\n<meta name=\"twitter:card\" content=\"summary_large_image\" \/>\n<meta name=\"twitter:label1\" content=\"Szacowany czas czytania\" \/>\n\t<meta name=\"twitter:data1\" content=\"2 minuty\" \/>\n<script type=\"application\/ld+json\" class=\"yoast-schema-graph\">{\"@context\":\"https:\\\/\\\/schema.org\",\"@graph\":[{\"@type\":\"WebPage\",\"@id\":\"https:\\\/\\\/www.zst.suwalki.pl\\\/www\\\/erasmus-akredytacja-2025\\\/\",\"url\":\"https:\\\/\\\/www.zst.suwalki.pl\\\/www\\\/erasmus-akredytacja-2025\\\/\",\"name\":\"Erasmus+ Akredytacja 2025 - Zesp\u00f3\u0142 Szk\u00f3\u0142 Technicznych w Suwa\u0142kach\",\"isPartOf\":{\"@id\":\"https:\\\/\\\/www.zst.suwalki.pl\\\/www\\\/#website\"},\"primaryImageOfPage\":{\"@id\":\"https:\\\/\\\/www.zst.suwalki.pl\\\/www\\\/erasmus-akredytacja-2025\\\/#primaryimage\"},\"image\":{\"@id\":\"https:\\\/\\\/www.zst.suwalki.pl\\\/www\\\/erasmus-akredytacja-2025\\\/#primaryimage\"},\"thumbnailUrl\":\"https:\\\/\\\/www.zst.suwalki.pl\\\/www\\\/wp-content\\\/uploads\\\/2024\\\/07\\\/PL-Dofinansowane-przez-UE_POS.png\",\"datePublished\":\"2025-11-18T13:04:29+00:00\",\"dateModified\":\"2026-03-31T08:55:06+00:00\",\"breadcrumb\":{\"@id\":\"https:\\\/\\\/www.zst.suwalki.pl\\\/www\\\/erasmus-akredytacja-2025\\\/#breadcrumb\"},\"inLanguage\":\"pl-PL\",\"potentialAction\":[{\"@type\":\"ReadAction\",\"target\":[\"https:\\\/\\\/www.zst.suwalki.pl\\\/www\\\/erasmus-akredytacja-2025\\\/\"]}]},{\"@type\":\"ImageObject\",\"inLanguage\":\"pl-PL\",\"@id\":\"https:\\\/\\\/www.zst.suwalki.pl\\\/www\\\/erasmus-akredytacja-2025\\\/#primaryimage\",\"url\":\"https:\\\/\\\/www.zst.suwalki.pl\\\/www\\\/wp-content\\\/uploads\\\/2024\\\/07\\\/PL-Dofinansowane-przez-UE_POS.png\",\"contentUrl\":\"https:\\\/\\\/www.zst.suwalki.pl\\\/www\\\/wp-content\\\/uploads\\\/2024\\\/07\\\/PL-Dofinansowane-przez-UE_POS.png\",\"width\":1000,\"height\":191},{\"@type\":\"BreadcrumbList\",\"@id\":\"https:\\\/\\\/www.zst.suwalki.pl\\\/www\\\/erasmus-akredytacja-2025\\\/#breadcrumb\",\"itemListElement\":[{\"@type\":\"ListItem\",\"position\":1,\"name\":\"Strona g\u0142\u00f3wna\",\"item\":\"https:\\\/\\\/www.zst.suwalki.pl\\\/www\\\/\"},{\"@type\":\"ListItem\",\"position\":2,\"name\":\"Erasmus+ Akredytacja 2025\"}]},{\"@type\":\"WebSite\",\"@id\":\"https:\\\/\\\/www.zst.suwalki.pl\\\/www\\\/#website\",\"url\":\"https:\\\/\\\/www.zst.suwalki.pl\\\/www\\\/\",\"name\":\"Zesp\u00f3\u0142 Szk\u00f3\u0142 Technicznych w Suwa\u0142kach\",\"description\":\"technikum, suwa\u0142ki, mechatronik, informatyk, teleinformatyk, budownictwo, elektryk, mechanik, monter, fryzjer, cukiernik, grafik,\",\"publisher\":{\"@id\":\"https:\\\/\\\/www.zst.suwalki.pl\\\/www\\\/#organization\"},\"potentialAction\":[{\"@type\":\"SearchAction\",\"target\":{\"@type\":\"EntryPoint\",\"urlTemplate\":\"https:\\\/\\\/www.zst.suwalki.pl\\\/www\\\/?s={search_term_string}\"},\"query-input\":{\"@type\":\"PropertyValueSpecification\",\"valueRequired\":true,\"valueName\":\"search_term_string\"}}],\"inLanguage\":\"pl-PL\"},{\"@type\":\"Organization\",\"@id\":\"https:\\\/\\\/www.zst.suwalki.pl\\\/www\\\/#organization\",\"name\":\"Zesp\u00f3\u0142 Szk\u00f3\u0142 Technicznych w Suwa\u0142kach\",\"url\":\"https:\\\/\\\/www.zst.suwalki.pl\\\/www\\\/\",\"logo\":{\"@type\":\"ImageObject\",\"inLanguage\":\"pl-PL\",\"@id\":\"https:\\\/\\\/www.zst.suwalki.pl\\\/www\\\/#\\\/schema\\\/logo\\\/image\\\/\",\"url\":\"https:\\\/\\\/www.zst.suwalki.pl\\\/www\\\/wp-content\\\/uploads\\\/2019\\\/01\\\/cropped-banner_logo_zst.png\",\"contentUrl\":\"https:\\\/\\\/www.zst.suwalki.pl\\\/www\\\/wp-content\\\/uploads\\\/2019\\\/01\\\/cropped-banner_logo_zst.png\",\"width\":290,\"height\":70,\"caption\":\"Zesp\u00f3\u0142 Szk\u00f3\u0142 Technicznych w Suwa\u0142kach\"},\"image\":{\"@id\":\"https:\\\/\\\/www.zst.suwalki.pl\\\/www\\\/#\\\/schema\\\/logo\\\/image\\\/\"},\"sameAs\":[\"https:\\\/\\\/www.facebook.com\\\/zstwsuwalkach\"]}]}<\/script>\n<!-- \/ Yoast SEO plugin. -->","yoast_head_json":{"title":"Erasmus+ Akredytacja 2025 - Zesp\u00f3\u0142 Szk\u00f3\u0142 Technicznych w Suwa\u0142kach","robots":{"index":"index","follow":"follow","max-snippet":"max-snippet:-1","max-image-preview":"max-image-preview:large","max-video-preview":"max-video-preview:-1"},"canonical":"https:\/\/www.zst.suwalki.pl\/www\/erasmus-akredytacja-2025\/","og_locale":"pl_PL","og_type":"article","og_title":"Erasmus+ Akredytacja 2025 - Zesp\u00f3\u0142 Szk\u00f3\u0142 Technicznych w Suwa\u0142kach","og_description":"Projekt nr 2025-1-PL01-KA121-VET-000317596 realizowany w ramach programu Erasmus+ W ramach projektu zostan\u0105 zrealizowany zostanie wyjazd uczni\u00f3w (I kwarta\u0142 2025r.) na trzytygodniowe sta\u017ce zawodowe w przedsi\u0119biorstwach w Hiszpanii (Grenada) w bran\u017cach&hellip;","og_url":"https:\/\/www.zst.suwalki.pl\/www\/erasmus-akredytacja-2025\/","og_site_name":"Zesp\u00f3\u0142 Szk\u00f3\u0142 Technicznych w Suwa\u0142kach","article_publisher":"https:\/\/www.facebook.com\/zstwsuwalkach","article_modified_time":"2026-03-31T08:55:06+00:00","og_image":[{"width":1000,"height":191,"url":"https:\/\/www.zst.suwalki.pl\/www\/wp-content\/uploads\/2024\/07\/PL-Dofinansowane-przez-UE_POS.png","type":"image\/png"}],"twitter_card":"summary_large_image","twitter_misc":{"Szacowany czas czytania":"2 minuty"},"schema":{"@context":"https:\/\/schema.org","@graph":[{"@type":"WebPage","@id":"https:\/\/www.zst.suwalki.pl\/www\/erasmus-akredytacja-2025\/","url":"https:\/\/www.zst.suwalki.pl\/www\/erasmus-akredytacja-2025\/","name":"Erasmus+ Akredytacja 2025 - Zesp\u00f3\u0142 Szk\u00f3\u0142 Technicznych w Suwa\u0142kach","isPartOf":{"@id":"https:\/\/www.zst.suwalki.pl\/www\/#website"},"primaryImageOfPage":{"@id":"https:\/\/www.zst.suwalki.pl\/www\/erasmus-akredytacja-2025\/#primaryimage"},"image":{"@id":"https:\/\/www.zst.suwalki.pl\/www\/erasmus-akredytacja-2025\/#primaryimage"},"thumbnailUrl":"https:\/\/www.zst.suwalki.pl\/www\/wp-content\/uploads\/2024\/07\/PL-Dofinansowane-przez-UE_POS.png","datePublished":"2025-11-18T13:04:29+00:00","dateModified":"2026-03-31T08:55:06+00:00","breadcrumb":{"@id":"https:\/\/www.zst.suwalki.pl\/www\/erasmus-akredytacja-2025\/#breadcrumb"},"inLanguage":"pl-PL","potentialAction":[{"@type":"ReadAction","target":["https:\/\/www.zst.suwalki.pl\/www\/erasmus-akredytacja-2025\/"]}]},{"@type":"ImageObject","inLanguage":"pl-PL","@id":"https:\/\/www.zst.suwalki.pl\/www\/erasmus-akredytacja-2025\/#primaryimage","url":"https:\/\/www.zst.suwalki.pl\/www\/wp-content\/uploads\/2024\/07\/PL-Dofinansowane-przez-UE_POS.png","contentUrl":"https:\/\/www.zst.suwalki.pl\/www\/wp-content\/uploads\/2024\/07\/PL-Dofinansowane-przez-UE_POS.png","width":1000,"height":191},{"@type":"BreadcrumbList","@id":"https:\/\/www.zst.suwalki.pl\/www\/erasmus-akredytacja-2025\/#breadcrumb","itemListElement":[{"@type":"ListItem","position":1,"name":"Strona g\u0142\u00f3wna","item":"https:\/\/www.zst.suwalki.pl\/www\/"},{"@type":"ListItem","position":2,"name":"Erasmus+ Akredytacja 2025"}]},{"@type":"WebSite","@id":"https:\/\/www.zst.suwalki.pl\/www\/#website","url":"https:\/\/www.zst.suwalki.pl\/www\/","name":"Zesp\u00f3\u0142 Szk\u00f3\u0142 Technicznych w Suwa\u0142kach","description":"technikum, suwa\u0142ki, mechatronik, informatyk, teleinformatyk, budownictwo, elektryk, mechanik, monter, fryzjer, cukiernik, grafik,","publisher":{"@id":"https:\/\/www.zst.suwalki.pl\/www\/#organization"},"potentialAction":[{"@type":"SearchAction","target":{"@type":"EntryPoint","urlTemplate":"https:\/\/www.zst.suwalki.pl\/www\/?s={search_term_string}"},"query-input":{"@type":"PropertyValueSpecification","valueRequired":true,"valueName":"search_term_string"}}],"inLanguage":"pl-PL"},{"@type":"Organization","@id":"https:\/\/www.zst.suwalki.pl\/www\/#organization","name":"Zesp\u00f3\u0142 Szk\u00f3\u0142 Technicznych w Suwa\u0142kach","url":"https:\/\/www.zst.suwalki.pl\/www\/","logo":{"@type":"ImageObject","inLanguage":"pl-PL","@id":"https:\/\/www.zst.suwalki.pl\/www\/#\/schema\/logo\/image\/","url":"https:\/\/www.zst.suwalki.pl\/www\/wp-content\/uploads\/2019\/01\/cropped-banner_logo_zst.png","contentUrl":"https:\/\/www.zst.suwalki.pl\/www\/wp-content\/uploads\/2019\/01\/cropped-banner_logo_zst.png","width":290,"height":70,"caption":"Zesp\u00f3\u0142 Szk\u00f3\u0142 Technicznych w Suwa\u0142kach"},"image":{"@id":"https:\/\/www.zst.suwalki.pl\/www\/#\/schema\/logo\/image\/"},"sameAs":["https:\/\/www.facebook.com\/zstwsuwalkach"]}]}},"_links":{"self":[{"href":"https:\/\/www.zst.suwalki.pl\/www\/wp-json\/wp\/v2\/pages\/12075","targetHints":{"allow":["GET"]}}],"collection":[{"href":"https:\/\/www.zst.suwalki.pl\/www\/wp-json\/wp\/v2\/pages"}],"about":[{"href":"https:\/\/www.zst.suwalki.pl\/www\/wp-json\/wp\/v2\/types\/page"}],"author":[{"embeddable":true,"href":"https:\/\/www.zst.suwalki.pl\/www\/wp-json\/wp\/v2\/users\/1"}],"replies":[{"embeddable":true,"href":"https:\/\/www.zst.suwalki.pl\/www\/wp-json\/wp\/v2\/comments?post=12075"}],"version-history":[{"count":9,"href":"https:\/\/www.zst.suwalki.pl\/www\/wp-json\/wp\/v2\/pages\/12075\/revisions"}],"predecessor-version":[{"id":12489,"href":"https:\/\/www.zst.suwalki.pl\/www\/wp-json\/wp\/v2\/pages\/12075\/revisions\/12489"}],"wp:featuredmedia":[{"embeddable":true,"href":"https:\/\/www.zst.suwalki.pl\/www\/wp-json\/wp\/v2\/media\/10903"}],"wp:attachment":[{"href":"https:\/\/www.zst.suwalki.pl\/www\/wp-json\/wp\/v2\/media?parent=12075"}],"curies":[{"name":"wp","href":"https:\/\/api.w.org\/{rel}","templated":true}]}}