{"id":247,"date":"2017-09-13T16:39:02","date_gmt":"2017-09-13T16:39:02","guid":{"rendered":"http:\/\/www.zst.suwalki.pl\/?page_id=247"},"modified":"2025-09-08T09:27:42","modified_gmt":"2025-09-08T07:27:42","slug":"biblioteka","status":"publish","type":"page","link":"https:\/\/www.zst.suwalki.pl\/www\/biblioteka\/","title":{"rendered":"Biblioteka"},"content":{"rendered":"<h4>Godziny pracy biblioteki szkolnej:<\/h4>\n<table style=\"width: 100%; height: 139px;\" border=\"1\">\n<tbody>\n<tr style=\"height: 25px;\">\n<td style=\"width: 108.132%; text-align: center; height: 25px;\" colspan=\"2\" width=\"419\"><strong>GODZINY PRACY BIBLIOTEKI W ROKU SZKOLNYM 2025\/2026<\/strong><\/td>\n<\/tr>\n<tr style=\"height: 36px;\">\n<td style=\"width: 51.9846%; text-align: center; height: 14px;\" width=\"100%\"><strong>PONIEDZIA\u0141EK<br \/>\n<\/strong><\/td>\n<td style=\"width: 51.1471%; text-align: center; height: 25px;\" width=\"247\"><strong>7:30 \u2013 17:00<\/strong><\/td>\n<\/tr>\n<tr style=\"height: 25px;\">\n<td style=\"width: 51.9846%; text-align: center; height: 25px;\" width=\"171\"><strong>WTOREK<\/strong><\/td>\n<td style=\"width: 56.1471%; text-align: center; height: 25px;\" width=\"247\"><strong>7:30 \u2013 15:30<\/strong><\/td>\n<\/tr>\n<tr style=\"height: 25px;\">\n<td style=\"width: 51.9846%; text-align: center; height: 25px;\" width=\"171\"><strong>\u015aRODA<\/strong><\/td>\n<td style=\"width: 56.1471%; text-align: center; height: 25px;\" width=\"247\"><strong>7:30 \u2013 17:00<\/strong><\/td>\n<\/tr>\n<tr style=\"height: 25px;\">\n<td style=\"width: 51.9846%; text-align: center; height: 25px;\" width=\"171\"><strong>CZWARTEK<\/strong><\/td>\n<td style=\"width: 56.1471%; text-align: center; height: 25px;\" width=\"247\"><strong>7:30 \u2013 15:30<\/strong><\/td>\n<\/tr>\n<tr style=\"height: 25px;\">\n<td style=\"width: 51.9846%; text-align: center; height: 25px;\" width=\"171\"><strong>PI\u0104TEK<\/strong><\/td>\n<td style=\"width: 56.1471%; text-align: center; height: 25px;\" width=\"247\"><strong>7:00 \u2013 15:00<\/strong><\/td>\n<\/tr>\n<\/tbody>\n<\/table>\n<h4><a href=\"http:\/\/www.zst.suwalki.pl\/wp-content\/uploads\/2018\/03\/regulamin_biblioteki_czytelni.pdf\">Regulamin biblioteki i czytelni<\/a><\/h4>\n<p>&nbsp;<\/p>\n<h4>Dla zainteresowanych polecamy niekt\u00f3re strony WWW:<\/h4>\n<p>Dla nauczycieli<\/p>\n<ul>\n<li><a href=\"http:\/\/www.men.gov.pl\" target=\"_blank\" rel=\"noopener\">men.gov.pl<\/a> \u2013 Ministerstwo Edukacji Narodowej<\/li>\n<li><a href=\"http:\/\/www.cke.edu.pl\" target=\"_blank\" rel=\"noopener\">cke.edu.pl<\/a> \u2013 Centralna Komisja Egzaminacyjna<\/li>\n<li><a href=\"http:\/\/www.oke.lomza.pl\" target=\"_blank\" rel=\"noopener\">oke.lomza.pl<\/a> \u2013 Okr\u0119gowa Komisja Egzaminacyjna<\/li>\n<li><a href=\"http:\/\/www.kuratorium.bialystok.pl\" target=\"_blank\" rel=\"noopener\">kuratorium.bialystok.pl<\/a> \u2013 Kuratorium O\u015bwiaty w Bia\u0142ymstoku<\/li>\n<li><a href=\"http:\/\/www.cen.bialystok.pl\" target=\"_blank\" rel=\"noopener\">cen.bialystok.pl<\/a> \u2013 Centrum Edukacji Nauczycieli<\/li>\n<li><a href=\"http:\/\/www.modm.bialystok.pl\" target=\"_blank\" rel=\"noopener\">modm.bialystok.pl<\/a> \u2013 Miejski O\u015brodek Doradztwa Metodycznego<\/li>\n<li><a href=\"http:\/\/www.menis.pl\" target=\"_blank\" rel=\"noopener\">menis.pl<\/a> \u2013 serwis dla nauczycieli<\/li>\n<li><a href=\"http:\/\/www.oswiata.org.pl\" target=\"_blank\" rel=\"noopener\">oswiata.org.pl<\/a> \u2013 portal o\u015bwiatowy<\/li>\n<li><a href=\"http:\/\/www.interklasa.pl\" target=\"_blank\" rel=\"noopener\">interklasa.pl<\/a> \u2013 portal edukacyjny dla nauczycieli, uczni\u00f3w i rodzic\u00f3w<\/li>\n<li><a href=\"http:\/\/www.awans.net\" target=\"_blank\" rel=\"noopener\">awans.net<\/a> \u2013 awans zawodowy nauczycieli<\/li>\n<li><a href=\"http:\/\/www.uczelnie.pl\" target=\"_blank\" rel=\"noopener\">uczelnie.pl<\/a> \u2013 internetowy katalog uczelni<\/li>\n<li><a href=\"http:\/\/www.glos.pl\" target=\"_blank\" rel=\"noopener\">glos.pl<\/a> \u2013 tygodnik spo\u0142eczno-o\u015bwiatowy<\/li>\n<\/ul>\n<p>Dla uczni\u00f3w<\/p>\n<ul>\n<li><a href=\"http:\/\/www.interklasa.pl\" target=\"_blank\" rel=\"noopener\">interklasa.pl<\/a> \u2013 portal edukacyjny dla nauczycieli, uczni\u00f3w i rodzic\u00f3w<\/li>\n<li><a href=\"http:\/\/www.profesor.pl\" target=\"_blank\" rel=\"noopener\">profesor.pl<\/a> \u2013 katalog i serwis edukacyjny<\/li>\n<li><a href=\"http:\/\/www.pbi.edu.pl\" target=\"_blank\" rel=\"noopener\">pbi.edu.pl<\/a> \u2013 Polska Biblioteka Internetowa (literatura polska dost\u0119pna w Internecie)<\/li>\n<li><a href=\"http:\/\/www.wiw.pl\" target=\"_blank\" rel=\"noopener\">wiw.pl<\/a> \u2013 Wirtualny wszech\u015bwiat \u2013 portal edukacyjny<\/li>\n<li><a href=\"http:\/\/www.wliceum.pl\" target=\"_blank\" rel=\"noopener\">wliceum.pl<\/a> \u2013 portal edukacyjny<\/li>\n<li><a href=\"http:\/\/www.cogito.com.pl\" target=\"_blank\" rel=\"noopener\">cogito.com.pl<\/a> \u2013 strona WWW czasopisma \u201eCogito\u201d<\/li>\n<li><a href=\"http:\/\/eduseek.interklasa.pl\" target=\"_blank\" rel=\"noopener\">interklasa.pl<\/a> \u2013 portal edukacyjny<\/li>\n<\/ul>\n<p>Matura<\/p>\n<ul>\n<li><a href=\"http:\/\/www.cke.gov.pl\" target=\"_blank\" rel=\"noopener\">cke.gov.pl <\/a><\/li>\n<li><a href=\"http:\/\/www.oke.lomza.pl\" target=\"_blank\" rel=\"noopener\">oke.lomza.pl<\/a><\/li>\n<li><a href=\"http:\/\/www.matura.pl\" target=\"_blank\" rel=\"noopener\">matura.pl<\/a><\/li>\n<li><a href=\"http:\/\/www.matura.org\" target=\"_blank\" rel=\"noopener\">matura.org <\/a><\/li>\n<\/ul>\n<p>Egzamin zawodowy<\/p>\n<ul>\n<li><a href=\"http:\/\/www.cke.gov.pl\" target=\"_blank\" rel=\"noopener\">cke.gov.pl<\/a><\/li>\n<li><a href=\"http:\/\/www.oke.lomza.pl\" target=\"_blank\" rel=\"noopener\">oke.lomza.pl<\/a><\/li>\n<\/ul>\n<p>Portale internetowe i wyszukiwarki<\/p>\n<ul>\n<li><a href=\"http:\/\/www.wp.pl\" target=\"_blank\" rel=\"noopener\">wp.pl<\/a><\/li>\n<li><a href=\"http:\/\/www.onet.pl\" target=\"_blank\" rel=\"noopener\">onet.pl <\/a><\/li>\n<li><a href=\"http:\/\/www.interia.pl\" target=\"_blank\" rel=\"noopener\">interia.pl<\/a><\/li>\n<li><a href=\"http:\/\/www.google.pl\" target=\"_blank\" rel=\"noopener\">google.pl <\/a><\/li>\n<li><a href=\"http:\/\/www.netsprint.pl\" target=\"_blank\" rel=\"noopener\">netsprint.pl <\/a><\/li>\n<li><a href=\"http:\/\/www.polska.pl\" target=\"_blank\" rel=\"noopener\">polska.pl <\/a><\/li>\n<\/ul>\n<p>Jest nam bardzo mi\u0142o poinformowa\u0107, \u017ce nasza szko\u0142a otrzyma\u0142a \u015brodki na zakup nowo\u015bci wydawniczych w ramach Narodowego Programu Rozwoju Czytelnictwa 2.0. na lata 2021-2025 w wysoko\u015bci 12 000 z\u0142.<br \/>\nChcieliby\u015bmy przeznaczy\u0107 te \u015brodki zgodnie z regulaminem przede wszystkim na: zakup nowo\u015bci wydawniczych, lektur szkolnych i realizacj\u0119 dzia\u0142a\u0144 promuj\u0105cych czytelnictwo.<\/p>\n","protected":false},"excerpt":{"rendered":"<p>Godziny pracy biblioteki szkolnej: GODZINY PRACY BIBLIOTEKI W ROKU SZKOLNYM 2025\/2026 PONIEDZIA\u0141EK 7:30 \u2013 17:00 WTOREK 7:30 \u2013 15:30 \u015aRODA 7:30 \u2013 17:00 CZWARTEK 7:30 \u2013 15:30 PI\u0104TEK 7:00 \u2013&hellip;<\/p>\n","protected":false},"author":1,"featured_media":0,"parent":0,"menu_order":0,"comment_status":"closed","ping_status":"closed","template":"","meta":{"_crdt_document":"","footnotes":""},"class_list":["post-247","page","type-page","status-publish","hentry"],"yoast_head":"<!-- This site is optimized with the Yoast SEO plugin v27.5 - https:\/\/yoast.com\/product\/yoast-seo-wordpress\/ -->\n<title>Biblioteka - Zesp\u00f3\u0142 Szk\u00f3\u0142 Technicznych w Suwa\u0142kach<\/title>\n<meta name=\"robots\" content=\"index, follow, max-snippet:-1, max-image-preview:large, max-video-preview:-1\" \/>\n<link rel=\"canonical\" href=\"https:\/\/www.zst.suwalki.pl\/www\/biblioteka\/\" \/>\n<meta property=\"og:locale\" content=\"pl_PL\" \/>\n<meta property=\"og:type\" content=\"article\" \/>\n<meta property=\"og:title\" content=\"Biblioteka - Zesp\u00f3\u0142 Szk\u00f3\u0142 Technicznych w Suwa\u0142kach\" \/>\n<meta property=\"og:description\" content=\"Godziny pracy biblioteki szkolnej: GODZINY PRACY BIBLIOTEKI W ROKU SZKOLNYM 2025\/2026 PONIEDZIA\u0141EK 7:30 \u2013 17:00 WTOREK 7:30 \u2013 15:30 \u015aRODA 7:30 \u2013 17:00 CZWARTEK 7:30 \u2013 15:30 PI\u0104TEK 7:00 \u2013&hellip;\" \/>\n<meta property=\"og:url\" content=\"https:\/\/www.zst.suwalki.pl\/www\/biblioteka\/\" \/>\n<meta property=\"og:site_name\" content=\"Zesp\u00f3\u0142 Szk\u00f3\u0142 Technicznych w Suwa\u0142kach\" \/>\n<meta property=\"article:publisher\" content=\"https:\/\/www.facebook.com\/zstwsuwalkach\" \/>\n<meta property=\"article:modified_time\" content=\"2025-09-08T07:27:42+00:00\" \/>\n<meta name=\"twitter:card\" content=\"summary_large_image\" \/>\n<meta name=\"twitter:label1\" content=\"Szacowany czas czytania\" \/>\n\t<meta name=\"twitter:data1\" content=\"1 minuta\" \/>\n<script type=\"application\/ld+json\" class=\"yoast-schema-graph\">{\"@context\":\"https:\\\/\\\/schema.org\",\"@graph\":[{\"@type\":\"WebPage\",\"@id\":\"https:\\\/\\\/www.zst.suwalki.pl\\\/www\\\/biblioteka\\\/\",\"url\":\"https:\\\/\\\/www.zst.suwalki.pl\\\/www\\\/biblioteka\\\/\",\"name\":\"Biblioteka - Zesp\u00f3\u0142 Szk\u00f3\u0142 Technicznych w Suwa\u0142kach\",\"isPartOf\":{\"@id\":\"https:\\\/\\\/www.zst.suwalki.pl\\\/www\\\/#website\"},\"datePublished\":\"2017-09-13T16:39:02+00:00\",\"dateModified\":\"2025-09-08T07:27:42+00:00\",\"breadcrumb\":{\"@id\":\"https:\\\/\\\/www.zst.suwalki.pl\\\/www\\\/biblioteka\\\/#breadcrumb\"},\"inLanguage\":\"pl-PL\",\"potentialAction\":[{\"@type\":\"ReadAction\",\"target\":[\"https:\\\/\\\/www.zst.suwalki.pl\\\/www\\\/biblioteka\\\/\"]}]},{\"@type\":\"BreadcrumbList\",\"@id\":\"https:\\\/\\\/www.zst.suwalki.pl\\\/www\\\/biblioteka\\\/#breadcrumb\",\"itemListElement\":[{\"@type\":\"ListItem\",\"position\":1,\"name\":\"Strona g\u0142\u00f3wna\",\"item\":\"https:\\\/\\\/www.zst.suwalki.pl\\\/www\\\/\"},{\"@type\":\"ListItem\",\"position\":2,\"name\":\"Biblioteka\"}]},{\"@type\":\"WebSite\",\"@id\":\"https:\\\/\\\/www.zst.suwalki.pl\\\/www\\\/#website\",\"url\":\"https:\\\/\\\/www.zst.suwalki.pl\\\/www\\\/\",\"name\":\"Zesp\u00f3\u0142 Szk\u00f3\u0142 Technicznych w Suwa\u0142kach\",\"description\":\"technikum, suwa\u0142ki, mechatronik, informatyk, teleinformatyk, budownictwo, elektryk, mechanik, monter, fryzjer, cukiernik, grafik,\",\"publisher\":{\"@id\":\"https:\\\/\\\/www.zst.suwalki.pl\\\/www\\\/#organization\"},\"potentialAction\":[{\"@type\":\"SearchAction\",\"target\":{\"@type\":\"EntryPoint\",\"urlTemplate\":\"https:\\\/\\\/www.zst.suwalki.pl\\\/www\\\/?s={search_term_string}\"},\"query-input\":{\"@type\":\"PropertyValueSpecification\",\"valueRequired\":true,\"valueName\":\"search_term_string\"}}],\"inLanguage\":\"pl-PL\"},{\"@type\":\"Organization\",\"@id\":\"https:\\\/\\\/www.zst.suwalki.pl\\\/www\\\/#organization\",\"name\":\"Zesp\u00f3\u0142 Szk\u00f3\u0142 Technicznych w Suwa\u0142kach\",\"url\":\"https:\\\/\\\/www.zst.suwalki.pl\\\/www\\\/\",\"logo\":{\"@type\":\"ImageObject\",\"inLanguage\":\"pl-PL\",\"@id\":\"https:\\\/\\\/www.zst.suwalki.pl\\\/www\\\/#\\\/schema\\\/logo\\\/image\\\/\",\"url\":\"https:\\\/\\\/www.zst.suwalki.pl\\\/www\\\/wp-content\\\/uploads\\\/2019\\\/01\\\/cropped-banner_logo_zst.png\",\"contentUrl\":\"https:\\\/\\\/www.zst.suwalki.pl\\\/www\\\/wp-content\\\/uploads\\\/2019\\\/01\\\/cropped-banner_logo_zst.png\",\"width\":290,\"height\":70,\"caption\":\"Zesp\u00f3\u0142 Szk\u00f3\u0142 Technicznych w Suwa\u0142kach\"},\"image\":{\"@id\":\"https:\\\/\\\/www.zst.suwalki.pl\\\/www\\\/#\\\/schema\\\/logo\\\/image\\\/\"},\"sameAs\":[\"https:\\\/\\\/www.facebook.com\\\/zstwsuwalkach\"]}]}<\/script>\n<!-- \/ Yoast SEO plugin. -->","yoast_head_json":{"title":"Biblioteka - Zesp\u00f3\u0142 Szk\u00f3\u0142 Technicznych w Suwa\u0142kach","robots":{"index":"index","follow":"follow","max-snippet":"max-snippet:-1","max-image-preview":"max-image-preview:large","max-video-preview":"max-video-preview:-1"},"canonical":"https:\/\/www.zst.suwalki.pl\/www\/biblioteka\/","og_locale":"pl_PL","og_type":"article","og_title":"Biblioteka - Zesp\u00f3\u0142 Szk\u00f3\u0142 Technicznych w Suwa\u0142kach","og_description":"Godziny pracy biblioteki szkolnej: GODZINY PRACY BIBLIOTEKI W ROKU SZKOLNYM 2025\/2026 PONIEDZIA\u0141EK 7:30 \u2013 17:00 WTOREK 7:30 \u2013 15:30 \u015aRODA 7:30 \u2013 17:00 CZWARTEK 7:30 \u2013 15:30 PI\u0104TEK 7:00 \u2013&hellip;","og_url":"https:\/\/www.zst.suwalki.pl\/www\/biblioteka\/","og_site_name":"Zesp\u00f3\u0142 Szk\u00f3\u0142 Technicznych w Suwa\u0142kach","article_publisher":"https:\/\/www.facebook.com\/zstwsuwalkach","article_modified_time":"2025-09-08T07:27:42+00:00","twitter_card":"summary_large_image","twitter_misc":{"Szacowany czas czytania":"1 minuta"},"schema":{"@context":"https:\/\/schema.org","@graph":[{"@type":"WebPage","@id":"https:\/\/www.zst.suwalki.pl\/www\/biblioteka\/","url":"https:\/\/www.zst.suwalki.pl\/www\/biblioteka\/","name":"Biblioteka - Zesp\u00f3\u0142 Szk\u00f3\u0142 Technicznych w Suwa\u0142kach","isPartOf":{"@id":"https:\/\/www.zst.suwalki.pl\/www\/#website"},"datePublished":"2017-09-13T16:39:02+00:00","dateModified":"2025-09-08T07:27:42+00:00","breadcrumb":{"@id":"https:\/\/www.zst.suwalki.pl\/www\/biblioteka\/#breadcrumb"},"inLanguage":"pl-PL","potentialAction":[{"@type":"ReadAction","target":["https:\/\/www.zst.suwalki.pl\/www\/biblioteka\/"]}]},{"@type":"BreadcrumbList","@id":"https:\/\/www.zst.suwalki.pl\/www\/biblioteka\/#breadcrumb","itemListElement":[{"@type":"ListItem","position":1,"name":"Strona g\u0142\u00f3wna","item":"https:\/\/www.zst.suwalki.pl\/www\/"},{"@type":"ListItem","position":2,"name":"Biblioteka"}]},{"@type":"WebSite","@id":"https:\/\/www.zst.suwalki.pl\/www\/#website","url":"https:\/\/www.zst.suwalki.pl\/www\/","name":"Zesp\u00f3\u0142 Szk\u00f3\u0142 Technicznych w Suwa\u0142kach","description":"technikum, suwa\u0142ki, mechatronik, informatyk, teleinformatyk, budownictwo, elektryk, mechanik, monter, fryzjer, cukiernik, grafik,","publisher":{"@id":"https:\/\/www.zst.suwalki.pl\/www\/#organization"},"potentialAction":[{"@type":"SearchAction","target":{"@type":"EntryPoint","urlTemplate":"https:\/\/www.zst.suwalki.pl\/www\/?s={search_term_string}"},"query-input":{"@type":"PropertyValueSpecification","valueRequired":true,"valueName":"search_term_string"}}],"inLanguage":"pl-PL"},{"@type":"Organization","@id":"https:\/\/www.zst.suwalki.pl\/www\/#organization","name":"Zesp\u00f3\u0142 Szk\u00f3\u0142 Technicznych w Suwa\u0142kach","url":"https:\/\/www.zst.suwalki.pl\/www\/","logo":{"@type":"ImageObject","inLanguage":"pl-PL","@id":"https:\/\/www.zst.suwalki.pl\/www\/#\/schema\/logo\/image\/","url":"https:\/\/www.zst.suwalki.pl\/www\/wp-content\/uploads\/2019\/01\/cropped-banner_logo_zst.png","contentUrl":"https:\/\/www.zst.suwalki.pl\/www\/wp-content\/uploads\/2019\/01\/cropped-banner_logo_zst.png","width":290,"height":70,"caption":"Zesp\u00f3\u0142 Szk\u00f3\u0142 Technicznych w Suwa\u0142kach"},"image":{"@id":"https:\/\/www.zst.suwalki.pl\/www\/#\/schema\/logo\/image\/"},"sameAs":["https:\/\/www.facebook.com\/zstwsuwalkach"]}]}},"_links":{"self":[{"href":"https:\/\/www.zst.suwalki.pl\/www\/wp-json\/wp\/v2\/pages\/247","targetHints":{"allow":["GET"]}}],"collection":[{"href":"https:\/\/www.zst.suwalki.pl\/www\/wp-json\/wp\/v2\/pages"}],"about":[{"href":"https:\/\/www.zst.suwalki.pl\/www\/wp-json\/wp\/v2\/types\/page"}],"author":[{"embeddable":true,"href":"https:\/\/www.zst.suwalki.pl\/www\/wp-json\/wp\/v2\/users\/1"}],"replies":[{"embeddable":true,"href":"https:\/\/www.zst.suwalki.pl\/www\/wp-json\/wp\/v2\/comments?post=247"}],"version-history":[{"count":21,"href":"https:\/\/www.zst.suwalki.pl\/www\/wp-json\/wp\/v2\/pages\/247\/revisions"}],"predecessor-version":[{"id":11843,"href":"https:\/\/www.zst.suwalki.pl\/www\/wp-json\/wp\/v2\/pages\/247\/revisions\/11843"}],"wp:attachment":[{"href":"https:\/\/www.zst.suwalki.pl\/www\/wp-json\/wp\/v2\/media?parent=247"}],"curies":[{"name":"wp","href":"https:\/\/api.w.org\/{rel}","templated":true}]}}