{"id":2957,"date":"2018-09-27T08:31:57","date_gmt":"2018-09-27T08:31:57","guid":{"rendered":"http:\/\/www.zst.suwalki.pl\/?page_id=2957"},"modified":"2023-10-02T08:25:36","modified_gmt":"2023-10-02T06:25:36","slug":"szkolny-klub-sportowy","status":"publish","type":"page","link":"https:\/\/www.zst.suwalki.pl\/www\/szkolny-klub-sportowy\/","title":{"rendered":"Szkolny Klub Sportowy"},"content":{"rendered":"<p>W Zespole Szk\u00f3\u0142 Technicznych w Suwa\u0142kach realizowane s\u0105 zaj\u0119cia w ramach Szkolnego Klubu Sportowego. W 2023 roku zaj\u0119cia SKS realizowane s\u0105 w trzech grupach: koszyk\u00f3wka ch\u0142opc\u00f3w, badminton dziewcz\u0105t i ch\u0142opc\u00f3w oraz judo prowadzonych dwa razy w tygodniu w 60 \u2013 minutowych jednostkach.<\/p>\n<p>Zaj\u0119cia SKS prowadzone w Zespole Szk\u00f3\u0142 Technicznych w okresie wrzesie\u0144 &#8211; grudzie\u0144 2023 roku<\/p>\n<table style=\"width: 100%;\" border=\"1\">\n<tbody>\n<tr style=\"background-color: #7db300;\">\n<td style=\"text-align: center; width: 8.86347%;\" width=\"54\"><span style=\"color: #ffffff;\"><strong>Lp.<\/strong><\/span><\/td>\n<td style=\"text-align: center; width: 31.2366%;\" width=\"191\"><span style=\"color: #ffffff;\"><strong>Rodzaj zaj\u0119\u0107<\/strong><\/span><\/td>\n<td style=\"text-align: center; width: 32.0229%;\" width=\"196\"><span style=\"color: #ffffff;\"><strong>Dzie\u0144 \/ godzina<\/strong><\/span><\/td>\n<td style=\"text-align: center; width: 27.8056%;\" width=\"170\"><span style=\"color: #ffffff;\"><strong>Prowadz\u0105cy<\/strong><\/span><\/td>\n<\/tr>\n<tr style=\"background-color: #139fd0;\">\n<td style=\"text-align: center; width: 8.86347%;\" width=\"54\"><span style=\"color: #ffffff;\"><strong>1.\u00a0\u00a0\u00a0\u00a0\u00a0 <\/strong><strong>\u00a0<\/strong><\/span><\/td>\n<td style=\"text-align: center; width: 31.2366%;\" width=\"191\"><span style=\"color: #ffffff;\">Koszyk\u00f3wka ch\u0142opc\u00f3w<\/span><\/td>\n<td style=\"text-align: center; width: 32.0229%;\" width=\"196\"><span style=\"color: #ffffff;\">Poniedzia\u0142ek 15:15 \u2013 16:15<\/span><\/p>\n<p><span style=\"color: #ffffff;\">Czwartek 15:15 \u2013 16:15<\/span><\/td>\n<td style=\"text-align: center; width: 27.8056%;\" width=\"170\"><span style=\"color: #ffffff;\">Marcin Baranowski<\/span><\/td>\n<\/tr>\n<tr style=\"background-color: #90c5cb;\">\n<td style=\"text-align: center; width: 8.86347%;\" width=\"54\"><span style=\"color: #000000;\"><strong>2.\u00a0\u00a0\u00a0\u00a0\u00a0 <\/strong><strong>\u00a0<\/strong><\/span><\/td>\n<td style=\"text-align: center; width: 31.2366%;\" width=\"191\"><span style=\"color: #000000;\">Badminton dziewcz\u0105t i ch\u0142opc\u00f3w<\/span><\/td>\n<td style=\"text-align: center; width: 32.0229%;\" width=\"196\"><span style=\"color: #000000;\">Wtorek 15:15 \u2013 16:15<\/span><\/p>\n<p><span style=\"color: #000000;\">Pi\u0105tek 15:15 \u2013 16:15<\/span><\/td>\n<td style=\"text-align: center; width: 27.8056%;\" width=\"170\"><span style=\"color: #000000;\">Andrzej Dudanowicz<\/span><\/td>\n<\/tr>\n<tr style=\"background-color: #139fd0;\">\n<td style=\"text-align: center; width: 8.86347%;\" width=\"54\"><span style=\"color: #ffffff;\"><strong>3.\u00a0\u00a0\u00a0\u00a0\u00a0 <\/strong><strong>\u00a0<\/strong><\/span><\/td>\n<td style=\"text-align: center; width: 31.2366%;\" width=\"191\"><span style=\"color: #ffffff;\">Judo<\/span><\/td>\n<td style=\"text-align: center; width: 32.0229%;\" width=\"196\"><span style=\"color: #ffffff;\">Wtorek 16:00 \u2013 17:00<\/span><\/p>\n<p><span style=\"color: #ffffff;\">Czwartek 16:00 \u2013 17:00<\/span><\/td>\n<td style=\"text-align: center; width: 27.8056%;\" width=\"170\"><span style=\"color: #ffffff;\">Wojciech Wawrzyn<\/span><\/td>\n<\/tr>\n<\/tbody>\n<\/table>\n<p><strong>Idea programu<\/strong><\/p>\n<p>Program <strong>Szkolny Klub Sportowy<\/strong> to dzia\u0142anie systemowe skierowane do uczni\u00f3w szk\u00f3\u0142 podstawowych i ponadpodstawowych. SKS ma na celu stworzenie przestrzeni do dodatkowej aktywno\u015bci fizycznej, realizowanej w formie zaj\u0119\u0107 sportowych i rekreacyjnych pod opiek\u0105 nauczyciela prowadz\u0105cego zaj\u0119cia wychowania fizycznego w danej szkole. Stanowi tak\u017ce motywacje do podejmowania aktywno\u015bci fizycznej, skupiaj\u0105c si\u0119 \u00a0w szczeg\u00f3lno\u015bci na dzieciach i m\u0142odzie\u017cy o mniejszej sprawno\u015bci fizycznej, rzadziej podejmuj\u0105cych aktywno\u015b\u0107 fizyczn\u0105 w czasie wolnym oraz nieobj\u0119tych regularnymi formami aktywno\u015bci fizycznej, np. treningami w klubie sportowym. Systematyczne, pozalekcyjne zaj\u0119cia sportowe w ramach Programu SKS s\u0105 prowadzone w r\u00f3\u017cnorodnych, nowoczesnych i atrakcyjnych formach.<\/p>\n<p>&nbsp;<\/p>\n<p><strong>Cele programu<\/strong><\/p>\n<ol>\n<li>Stymulowanie i kszta\u0142towanie nawyku podejmowania aktywno\u015bci fizycznej przez dzieci i m\u0142odzie\u017c.<\/li>\n<li>Poprawa sprawno\u015bci fizycznej, stanu zdrowia oraz jako\u015bci \u017cycia dzieci i m\u0142odzie\u017cy, \u00a0w tym profilaktyka nadwagi i oty\u0142o\u015bci.<\/li>\n<li>Promocja zdrowego i aktywnego stylu \u017cycia w\u015br\u00f3d dzieci i m\u0142odzie\u017cy.<\/li>\n<li>Zwi\u0119kszenie oferty og\u00f3lnodost\u0119pnych, bezp\u0142atnych zaj\u0119\u0107 sportowo \u2013 rekreacyjnych dla dzieci i m\u0142odzie\u017cy.<\/li>\n<li>Motywowanie do podejmowania aktywno\u015bci fizycznej w\u015br\u00f3d mniej aktywnych i sprawnych fizycznie dzieci i m\u0142odzie\u017cy, ze szczeg\u00f3lnym uwzgl\u0119dnieniem dziewcz\u0105t.<\/li>\n<li>Tworzenie warunk\u00f3w dla rozwoju talent\u00f3w oraz zainteresowa\u0144 sportowych m\u0142odego pokolenia.<\/li>\n<li>Optymalizacja wykorzystania lokalnej infrastruktury sportowej, w tym infrastruktury przyszkolnej.<\/li>\n<li>Promocja r\u00f3\u017cnorodnych sport\u00f3w w\u015br\u00f3d dzieci i m\u0142odzie\u017cy.<\/li>\n<li>Wsparcie kadr pracuj\u0105cych z dzie\u0107mi i m\u0142odzie\u017c\u0105 w obszarze sportu.<\/li>\n<\/ol>\n<p>&nbsp;<\/p>\n","protected":false},"excerpt":{"rendered":"<p>W Zespole Szk\u00f3\u0142 Technicznych w Suwa\u0142kach realizowane s\u0105 zaj\u0119cia w ramach Szkolnego Klubu Sportowego. W 2023 roku zaj\u0119cia SKS realizowane s\u0105 w trzech grupach: koszyk\u00f3wka ch\u0142opc\u00f3w, badminton dziewcz\u0105t i ch\u0142opc\u00f3w&hellip;<\/p>\n","protected":false},"author":1,"featured_media":0,"parent":0,"menu_order":0,"comment_status":"closed","ping_status":"closed","template":"","meta":{"_crdt_document":"","footnotes":""},"class_list":["post-2957","page","type-page","status-publish","hentry"],"yoast_head":"<!-- This site is optimized with the Yoast SEO plugin v27.4 - https:\/\/yoast.com\/product\/yoast-seo-wordpress\/ -->\n<title>Szkolny Klub Sportowy - Zesp\u00f3\u0142 Szk\u00f3\u0142 Technicznych w Suwa\u0142kach<\/title>\n<meta name=\"robots\" content=\"index, follow, max-snippet:-1, max-image-preview:large, max-video-preview:-1\" \/>\n<link rel=\"canonical\" href=\"https:\/\/www.zst.suwalki.pl\/www\/szkolny-klub-sportowy\/\" \/>\n<meta property=\"og:locale\" content=\"pl_PL\" \/>\n<meta property=\"og:type\" content=\"article\" \/>\n<meta property=\"og:title\" content=\"Szkolny Klub Sportowy - Zesp\u00f3\u0142 Szk\u00f3\u0142 Technicznych w Suwa\u0142kach\" \/>\n<meta property=\"og:description\" content=\"W Zespole Szk\u00f3\u0142 Technicznych w Suwa\u0142kach realizowane s\u0105 zaj\u0119cia w ramach Szkolnego Klubu Sportowego. W 2023 roku zaj\u0119cia SKS realizowane s\u0105 w trzech grupach: koszyk\u00f3wka ch\u0142opc\u00f3w, badminton dziewcz\u0105t i ch\u0142opc\u00f3w&hellip;\" \/>\n<meta property=\"og:url\" content=\"https:\/\/www.zst.suwalki.pl\/www\/szkolny-klub-sportowy\/\" \/>\n<meta property=\"og:site_name\" content=\"Zesp\u00f3\u0142 Szk\u00f3\u0142 Technicznych w Suwa\u0142kach\" \/>\n<meta property=\"article:publisher\" content=\"https:\/\/www.facebook.com\/zstwsuwalkach\" \/>\n<meta property=\"article:modified_time\" content=\"2023-10-02T06:25:36+00:00\" \/>\n<meta name=\"twitter:card\" content=\"summary_large_image\" \/>\n<meta name=\"twitter:label1\" content=\"Szacowany czas czytania\" \/>\n\t<meta name=\"twitter:data1\" content=\"2 minuty\" \/>\n<script type=\"application\/ld+json\" class=\"yoast-schema-graph\">{\"@context\":\"https:\\\/\\\/schema.org\",\"@graph\":[{\"@type\":\"WebPage\",\"@id\":\"https:\\\/\\\/www.zst.suwalki.pl\\\/www\\\/szkolny-klub-sportowy\\\/\",\"url\":\"https:\\\/\\\/www.zst.suwalki.pl\\\/www\\\/szkolny-klub-sportowy\\\/\",\"name\":\"Szkolny Klub Sportowy - Zesp\u00f3\u0142 Szk\u00f3\u0142 Technicznych w Suwa\u0142kach\",\"isPartOf\":{\"@id\":\"https:\\\/\\\/www.zst.suwalki.pl\\\/www\\\/#website\"},\"datePublished\":\"2018-09-27T08:31:57+00:00\",\"dateModified\":\"2023-10-02T06:25:36+00:00\",\"breadcrumb\":{\"@id\":\"https:\\\/\\\/www.zst.suwalki.pl\\\/www\\\/szkolny-klub-sportowy\\\/#breadcrumb\"},\"inLanguage\":\"pl-PL\",\"potentialAction\":[{\"@type\":\"ReadAction\",\"target\":[\"https:\\\/\\\/www.zst.suwalki.pl\\\/www\\\/szkolny-klub-sportowy\\\/\"]}]},{\"@type\":\"BreadcrumbList\",\"@id\":\"https:\\\/\\\/www.zst.suwalki.pl\\\/www\\\/szkolny-klub-sportowy\\\/#breadcrumb\",\"itemListElement\":[{\"@type\":\"ListItem\",\"position\":1,\"name\":\"Strona g\u0142\u00f3wna\",\"item\":\"https:\\\/\\\/www.zst.suwalki.pl\\\/www\\\/\"},{\"@type\":\"ListItem\",\"position\":2,\"name\":\"Szkolny Klub Sportowy\"}]},{\"@type\":\"WebSite\",\"@id\":\"https:\\\/\\\/www.zst.suwalki.pl\\\/www\\\/#website\",\"url\":\"https:\\\/\\\/www.zst.suwalki.pl\\\/www\\\/\",\"name\":\"Zesp\u00f3\u0142 Szk\u00f3\u0142 Technicznych w Suwa\u0142kach\",\"description\":\"technikum, suwa\u0142ki, mechatronik, informatyk, teleinformatyk, budownictwo, elektryk, mechanik, monter, fryzjer, cukiernik, grafik,\",\"publisher\":{\"@id\":\"https:\\\/\\\/www.zst.suwalki.pl\\\/www\\\/#organization\"},\"potentialAction\":[{\"@type\":\"SearchAction\",\"target\":{\"@type\":\"EntryPoint\",\"urlTemplate\":\"https:\\\/\\\/www.zst.suwalki.pl\\\/www\\\/?s={search_term_string}\"},\"query-input\":{\"@type\":\"PropertyValueSpecification\",\"valueRequired\":true,\"valueName\":\"search_term_string\"}}],\"inLanguage\":\"pl-PL\"},{\"@type\":\"Organization\",\"@id\":\"https:\\\/\\\/www.zst.suwalki.pl\\\/www\\\/#organization\",\"name\":\"Zesp\u00f3\u0142 Szk\u00f3\u0142 Technicznych w Suwa\u0142kach\",\"url\":\"https:\\\/\\\/www.zst.suwalki.pl\\\/www\\\/\",\"logo\":{\"@type\":\"ImageObject\",\"inLanguage\":\"pl-PL\",\"@id\":\"https:\\\/\\\/www.zst.suwalki.pl\\\/www\\\/#\\\/schema\\\/logo\\\/image\\\/\",\"url\":\"https:\\\/\\\/www.zst.suwalki.pl\\\/www\\\/wp-content\\\/uploads\\\/2019\\\/01\\\/cropped-banner_logo_zst.png\",\"contentUrl\":\"https:\\\/\\\/www.zst.suwalki.pl\\\/www\\\/wp-content\\\/uploads\\\/2019\\\/01\\\/cropped-banner_logo_zst.png\",\"width\":290,\"height\":70,\"caption\":\"Zesp\u00f3\u0142 Szk\u00f3\u0142 Technicznych w Suwa\u0142kach\"},\"image\":{\"@id\":\"https:\\\/\\\/www.zst.suwalki.pl\\\/www\\\/#\\\/schema\\\/logo\\\/image\\\/\"},\"sameAs\":[\"https:\\\/\\\/www.facebook.com\\\/zstwsuwalkach\"]}]}<\/script>\n<!-- \/ Yoast SEO plugin. -->","yoast_head_json":{"title":"Szkolny Klub Sportowy - Zesp\u00f3\u0142 Szk\u00f3\u0142 Technicznych w Suwa\u0142kach","robots":{"index":"index","follow":"follow","max-snippet":"max-snippet:-1","max-image-preview":"max-image-preview:large","max-video-preview":"max-video-preview:-1"},"canonical":"https:\/\/www.zst.suwalki.pl\/www\/szkolny-klub-sportowy\/","og_locale":"pl_PL","og_type":"article","og_title":"Szkolny Klub Sportowy - Zesp\u00f3\u0142 Szk\u00f3\u0142 Technicznych w Suwa\u0142kach","og_description":"W Zespole Szk\u00f3\u0142 Technicznych w Suwa\u0142kach realizowane s\u0105 zaj\u0119cia w ramach Szkolnego Klubu Sportowego. W 2023 roku zaj\u0119cia SKS realizowane s\u0105 w trzech grupach: koszyk\u00f3wka ch\u0142opc\u00f3w, badminton dziewcz\u0105t i ch\u0142opc\u00f3w&hellip;","og_url":"https:\/\/www.zst.suwalki.pl\/www\/szkolny-klub-sportowy\/","og_site_name":"Zesp\u00f3\u0142 Szk\u00f3\u0142 Technicznych w Suwa\u0142kach","article_publisher":"https:\/\/www.facebook.com\/zstwsuwalkach","article_modified_time":"2023-10-02T06:25:36+00:00","twitter_card":"summary_large_image","twitter_misc":{"Szacowany czas czytania":"2 minuty"},"schema":{"@context":"https:\/\/schema.org","@graph":[{"@type":"WebPage","@id":"https:\/\/www.zst.suwalki.pl\/www\/szkolny-klub-sportowy\/","url":"https:\/\/www.zst.suwalki.pl\/www\/szkolny-klub-sportowy\/","name":"Szkolny Klub Sportowy - Zesp\u00f3\u0142 Szk\u00f3\u0142 Technicznych w Suwa\u0142kach","isPartOf":{"@id":"https:\/\/www.zst.suwalki.pl\/www\/#website"},"datePublished":"2018-09-27T08:31:57+00:00","dateModified":"2023-10-02T06:25:36+00:00","breadcrumb":{"@id":"https:\/\/www.zst.suwalki.pl\/www\/szkolny-klub-sportowy\/#breadcrumb"},"inLanguage":"pl-PL","potentialAction":[{"@type":"ReadAction","target":["https:\/\/www.zst.suwalki.pl\/www\/szkolny-klub-sportowy\/"]}]},{"@type":"BreadcrumbList","@id":"https:\/\/www.zst.suwalki.pl\/www\/szkolny-klub-sportowy\/#breadcrumb","itemListElement":[{"@type":"ListItem","position":1,"name":"Strona g\u0142\u00f3wna","item":"https:\/\/www.zst.suwalki.pl\/www\/"},{"@type":"ListItem","position":2,"name":"Szkolny Klub Sportowy"}]},{"@type":"WebSite","@id":"https:\/\/www.zst.suwalki.pl\/www\/#website","url":"https:\/\/www.zst.suwalki.pl\/www\/","name":"Zesp\u00f3\u0142 Szk\u00f3\u0142 Technicznych w Suwa\u0142kach","description":"technikum, suwa\u0142ki, mechatronik, informatyk, teleinformatyk, budownictwo, elektryk, mechanik, monter, fryzjer, cukiernik, grafik,","publisher":{"@id":"https:\/\/www.zst.suwalki.pl\/www\/#organization"},"potentialAction":[{"@type":"SearchAction","target":{"@type":"EntryPoint","urlTemplate":"https:\/\/www.zst.suwalki.pl\/www\/?s={search_term_string}"},"query-input":{"@type":"PropertyValueSpecification","valueRequired":true,"valueName":"search_term_string"}}],"inLanguage":"pl-PL"},{"@type":"Organization","@id":"https:\/\/www.zst.suwalki.pl\/www\/#organization","name":"Zesp\u00f3\u0142 Szk\u00f3\u0142 Technicznych w Suwa\u0142kach","url":"https:\/\/www.zst.suwalki.pl\/www\/","logo":{"@type":"ImageObject","inLanguage":"pl-PL","@id":"https:\/\/www.zst.suwalki.pl\/www\/#\/schema\/logo\/image\/","url":"https:\/\/www.zst.suwalki.pl\/www\/wp-content\/uploads\/2019\/01\/cropped-banner_logo_zst.png","contentUrl":"https:\/\/www.zst.suwalki.pl\/www\/wp-content\/uploads\/2019\/01\/cropped-banner_logo_zst.png","width":290,"height":70,"caption":"Zesp\u00f3\u0142 Szk\u00f3\u0142 Technicznych w Suwa\u0142kach"},"image":{"@id":"https:\/\/www.zst.suwalki.pl\/www\/#\/schema\/logo\/image\/"},"sameAs":["https:\/\/www.facebook.com\/zstwsuwalkach"]}]}},"_links":{"self":[{"href":"https:\/\/www.zst.suwalki.pl\/www\/wp-json\/wp\/v2\/pages\/2957","targetHints":{"allow":["GET"]}}],"collection":[{"href":"https:\/\/www.zst.suwalki.pl\/www\/wp-json\/wp\/v2\/pages"}],"about":[{"href":"https:\/\/www.zst.suwalki.pl\/www\/wp-json\/wp\/v2\/types\/page"}],"author":[{"embeddable":true,"href":"https:\/\/www.zst.suwalki.pl\/www\/wp-json\/wp\/v2\/users\/1"}],"replies":[{"embeddable":true,"href":"https:\/\/www.zst.suwalki.pl\/www\/wp-json\/wp\/v2\/comments?post=2957"}],"version-history":[{"count":10,"href":"https:\/\/www.zst.suwalki.pl\/www\/wp-json\/wp\/v2\/pages\/2957\/revisions"}],"predecessor-version":[{"id":8350,"href":"https:\/\/www.zst.suwalki.pl\/www\/wp-json\/wp\/v2\/pages\/2957\/revisions\/8350"}],"wp:attachment":[{"href":"https:\/\/www.zst.suwalki.pl\/www\/wp-json\/wp\/v2\/media?parent=2957"}],"curies":[{"name":"wp","href":"https:\/\/api.w.org\/{rel}","templated":true}]}}