{"id":7556,"date":"2022-11-29T10:14:50","date_gmt":"2022-11-29T08:14:50","guid":{"rendered":"https:\/\/www.zst.suwalki.pl\/www\/?page_id=7556"},"modified":"2023-03-16T11:21:28","modified_gmt":"2023-03-16T09:21:28","slug":"erasmus-akredytacja-2022","status":"publish","type":"page","link":"https:\/\/www.zst.suwalki.pl\/www\/erasmus-akredytacja-2022\/","title":{"rendered":"Erasmus+ Akredytacja 2022"},"content":{"rendered":"<p><strong>Projekt nr 2022-1-PL01-KA121-VET-000057805 realizowany w ramach programu Erasmus+<\/strong><\/p>\n<p>W ramach projektu zostan\u0105 zrealizowany zostanie wyjazd uczni\u00f3w (I kwarta\u0142 2023r.) na trzytygodniowe sta\u017ce zawodowe w przedsi\u0119biorstwach w <strong>Hiszpanii (Walencja)<\/strong> w bran\u017cach zgodnych z obranym przez uczni\u00f3w profilem kszta\u0142cenia.<\/p>\n<p>Uczestnikami projektu b\u0119d\u0105 uczniowie technikum z Zespo\u0142u Szk\u00f3\u0142 Technicznych w Suwa\u0142kach (18 uczni\u00f3w i 2 opiekun\u00f3w) o profilach kszta\u0142cenia zawodowego: technik automatyk, technik budownictwa, technik grafiki i poligrafii cyfrowej, technik mechanik, technik mechatronik, technik teleinformatyk.<\/p>\n<p>Nauczyciele opr\u00f3cz opieki nad uczestnikami sta\u017cy b\u0119d\u0105 pe\u0142ni\u0107 nadz\u00f3r merytoryczny realizowanej mobilno\u015bci.<\/p>\n<p>&nbsp;<\/p>\n<p>G\u0142\u00f3wne cele projektu to:<\/p>\n<p>&#8211; doskonalenie kompetencji kluczowych uczni\u00f3w, w tym kompetencji j\u0119zykowych, zw\u0142aszcza j\u0119zyka angielskiego zawodowego,<\/p>\n<p>&#8211; rozwijanie nowych oraz podnoszenie poziomu posiadanych umiej\u0119tno\u015bci w obszarze kszta\u0142cenia zawodowego.<\/p>\n<p>&#8211; intensywna nauka poprzez aktywne do\u015bwiadczanie w danym sektorze bran\u017cowym,<\/p>\n<p>&#8211; radzenie sobie w odmiennym kulturowo \u015brodowisku zawodowym.<\/p>\n<p>&nbsp;<\/p>\n<p>W ramach projektu uczniowi zapewniamy:<\/p>\n<ul>\n<li>zaj\u0119cia przygotowawcze (j\u0119zykowe, kulturowe, pedagogiczne),<\/li>\n<li>sta\u017ce w mi\u0119dzynarodowych firmach,<\/li>\n<li>zakwaterowanie i wy\u017cywienie,<\/li>\n<li>certyfikaty potwierdzaj\u0105ce sta\u017ce zagraniczne,<\/li>\n<li>transport i ubezpieczenie,<\/li>\n<li>wycieczki kulturowe podczas pobytu w Hiszpani,<\/li>\n<\/ul>\n<p>&nbsp;<\/p>\n<p><strong>Termin rekrutacji: 01.12.2022 &#8211; 15.12.2022r.<\/strong><\/p>\n<p>Aby wzi\u0105\u0107 udzia\u0142 w projekcie i wyjecha\u0107 na sta\u017c do firmy w Walencji nale\u017cy z\u0142o\u017cy\u0107 komplet dokument\u00f3w rekrutacyjnych w Biurze Projektu.<\/p>\n<p>Dokumenty dost\u0119pne do pobrania na stronie internetowej szko\u0142y oraz w Biurze projektu pok\u00f3j B3 (BDM).<\/p>\n<p>&nbsp;<\/p>\n<p>Regulamin rekrutacji<\/p>\n<ul>\n<li>formularz rekrutacyjny (za\u0142\u0105cznik nr 1),<\/li>\n<li>o\u015bwiadczenie uczestnika projektu (za\u0142\u0105cznik nr 2),<\/li>\n<li>deklaracja uczestnictwa (za\u0142\u0105cznik nr 3),<\/li>\n<li>Europass CV w j. angielskim ze zdj\u0119ciem wg. https:\/\/twoj-europass.org.pl\/dokumenty\/kreator-cv\/<\/li>\n<\/ul>\n<h3><\/h3>\n<h3><a href=\"https:\/\/www.zst.suwalki.pl\/www\/wp-content\/uploads\/2022\/11\/zalaczniki_erasmus_2022.pdf\">Za\u0142\u0105czniki do projektu &#8211; KLIKNIJ TUTAJ ABY POBRA\u0106<\/a><\/h3>\n<h4><a href=\"https:\/\/www.zst.suwalki.pl\/www\/wp-content\/uploads\/2022\/12\/Regulamin-Erasmus.pdf\">Regulamin Erasmus+<\/a><\/h4>\n<p><img fetchpriority=\"high\" decoding=\"async\" class=\"alignnone size-large wp-image-7557\" src=\"https:\/\/www.zst.suwalki.pl\/www\/wp-content\/uploads\/2022\/11\/ZST-Suwalki-plakat-Walencja-1-724x1024.jpg\" alt=\"\" width=\"640\" height=\"905\" srcset=\"https:\/\/www.zst.suwalki.pl\/www\/wp-content\/uploads\/2022\/11\/ZST-Suwalki-plakat-Walencja-1-724x1024.jpg 724w, https:\/\/www.zst.suwalki.pl\/www\/wp-content\/uploads\/2022\/11\/ZST-Suwalki-plakat-Walencja-1-212x300.jpg 212w, https:\/\/www.zst.suwalki.pl\/www\/wp-content\/uploads\/2022\/11\/ZST-Suwalki-plakat-Walencja-1-768x1086.jpg 768w, https:\/\/www.zst.suwalki.pl\/www\/wp-content\/uploads\/2022\/11\/ZST-Suwalki-plakat-Walencja-1-1086x1536.jpg 1086w, https:\/\/www.zst.suwalki.pl\/www\/wp-content\/uploads\/2022\/11\/ZST-Suwalki-plakat-Walencja-1-1448x2048.jpg 1448w, https:\/\/www.zst.suwalki.pl\/www\/wp-content\/uploads\/2022\/11\/ZST-Suwalki-plakat-Walencja-1.jpg 1555w\" sizes=\"(max-width: 640px) 100vw, 640px\" \/><\/p>\n<p>&nbsp;<\/p>\n<hr \/>\n<h4>Aktualno\u015bci<\/h4>\n\n\n<div class=\"su-posts su-posts-default-loop \">\n\n\t\n\t\t\t\t\t\n\t\t\t\n\t\t\t<div id=\"su-post-7827\" class=\"su-post \">\n\n\t\t\t\t\t\t\t\t\t<a class=\"su-post-thumbnail\" href=\"https:\/\/www.zst.suwalki.pl\/www\/spotkania-ewaluacyjne-z-wyjazdu-na-staze-zagraniczne-do-hiszpanii\/\"><img decoding=\"async\" width=\"340\" height=\"240\" src=\"https:\/\/www.zst.suwalki.pl\/www\/wp-content\/uploads\/2023\/03\/20230302_112952-340x240.jpg\" class=\"attachment-post-thumbnail size-post-thumbnail wp-post-image\" alt=\"\" \/><\/a>\n\t\t\t\t\n\t\t\t\t<h2 class=\"su-post-title\"><a href=\"https:\/\/www.zst.suwalki.pl\/www\/spotkania-ewaluacyjne-z-wyjazdu-na-staze-zagraniczne-do-hiszpanii\/\">Spotkania ewaluacyjne z wyjazdu na sta\u017ce zagraniczne do Hiszpanii<\/a><\/h2>\n\n\t\t\t\t<div class=\"su-post-meta\">\n\t\t\t\t\tOpublikowano: 16 marca, 2023\t\t\t\t<\/div>\n\n\t\t\t\t<div class=\"su-post-excerpt\">\n\t\t\t\t\t<p>W dniu 2 marca 2023r. odby\u0142o si\u0119 spotkanie ewaluacyjne z wyjazdu uczni\u00f3w ZST w Suwa\u0142kach do Hiszpanii na sta\u017ce zagraniczne w ramach projektu Akredytacyjnego o nr 2022-1-PL01-KA121-VET- 000057805 realizowanego jest&hellip;<\/p>\n\t\t\t\t<\/div>\n\n\t\t\t\t\n\t\t\t<\/div>\n\n\t\t\n\t\n<\/div>\n\n\n\n<div class=\"su-posts su-posts-default-loop \">\n\n\t\n\t\t\t\t\t\n\t\t\t\n\t\t\t<div id=\"su-post-7821\" class=\"su-post \">\n\n\t\t\t\t\t\t\t\t\t<a class=\"su-post-thumbnail\" href=\"https:\/\/www.zst.suwalki.pl\/www\/fotorelacja-z-pobytu-w-walencji\/\"><img decoding=\"async\" width=\"340\" height=\"240\" src=\"https:\/\/www.zst.suwalki.pl\/www\/wp-content\/uploads\/2023\/03\/received_1202128094010769-340x240.jpeg\" class=\"attachment-post-thumbnail size-post-thumbnail wp-post-image\" alt=\"\" \/><\/a>\n\t\t\t\t\n\t\t\t\t<h2 class=\"su-post-title\"><a href=\"https:\/\/www.zst.suwalki.pl\/www\/fotorelacja-z-pobytu-w-walencji\/\">Fotorelacja z pobytu w Walencji<\/a><\/h2>\n\n\t\t\t\t<div class=\"su-post-meta\">\n\t\t\t\t\tOpublikowano: 14 marca, 2023\t\t\t\t<\/div>\n\n\t\t\t\t<div class=\"su-post-excerpt\">\n\t\t\t\t\t\t\t\t\t<\/div>\n\n\t\t\t\t\n\t\t\t<\/div>\n\n\t\t\n\t\n<\/div>\n\n\n\n<div class=\"su-posts su-posts-default-loop \">\n\n\t\n\t\t\t\t\t\n\t\t\t\n\t\t\t<div id=\"su-post-7739\" class=\"su-post \">\n\n\t\t\t\t\t\t\t\t\t<a class=\"su-post-thumbnail\" href=\"https:\/\/www.zst.suwalki.pl\/www\/zajecia-pedagogiczne-przygotowujace-do-wyjazdu-na-staze-zagraniczne-w-hiszpanii\/\"><img loading=\"lazy\" decoding=\"async\" width=\"340\" height=\"240\" src=\"https:\/\/www.zst.suwalki.pl\/www\/wp-content\/uploads\/2023\/02\/20230119_120644-340x240.jpg\" class=\"attachment-post-thumbnail size-post-thumbnail wp-post-image\" alt=\"\" \/><\/a>\n\t\t\t\t\n\t\t\t\t<h2 class=\"su-post-title\"><a href=\"https:\/\/www.zst.suwalki.pl\/www\/zajecia-pedagogiczne-przygotowujace-do-wyjazdu-na-staze-zagraniczne-w-hiszpanii\/\">Zaj\u0119cia pedagogiczne przygotowuj\u0105ce do wyjazdu na sta\u017ce zagraniczne w Hiszpanii<\/a><\/h2>\n\n\t\t\t\t<div class=\"su-post-meta\">\n\t\t\t\t\tOpublikowano: 8 lutego, 2023\t\t\t\t<\/div>\n\n\t\t\t\t<div class=\"su-post-excerpt\">\n\t\t\t\t\t<p>3 lutego 2023 roku uczniowie wyje\u017cd\u017caj\u0105cy na sta\u017c do Hiszpanii zapoznali si\u0119 z zasadami skutecznego komunikowania si\u0119 z hiszpa\u0144skimi r\u00f3wie\u015bnikami, dyskutowano o sytuacjach jakie mog\u0105 nas spotka\u0107 podczas sta\u017cu i&hellip;<\/p>\n\t\t\t\t<\/div>\n\n\t\t\t\t\n\t\t\t<\/div>\n\n\t\t\n\t\n<\/div>\n\n\n\n<div class=\"su-posts su-posts-default-loop \">\n\n\t\n\t\t\t\t\t\n\t\t\t\n\t\t\t<div id=\"su-post-7716\" class=\"su-post \">\n\n\t\t\t\t\t\t\t\t\t<a class=\"su-post-thumbnail\" href=\"https:\/\/www.zst.suwalki.pl\/www\/zajecia-dodatkowe-z-jezyka-angielskiego-w-ramach-programu-erasmus-2022-2\/\"><img loading=\"lazy\" decoding=\"async\" width=\"340\" height=\"240\" src=\"https:\/\/www.zst.suwalki.pl\/www\/wp-content\/uploads\/2023\/01\/20230110_112215-340x240.jpg\" class=\"attachment-post-thumbnail size-post-thumbnail wp-post-image\" alt=\"\" \/><\/a>\n\t\t\t\t\n\t\t\t\t<h2 class=\"su-post-title\"><a href=\"https:\/\/www.zst.suwalki.pl\/www\/zajecia-dodatkowe-z-jezyka-angielskiego-w-ramach-programu-erasmus-2022-2\/\">Zaj\u0119cia dodatkowe z j\u0119zyka angielskiego w ramach Programu Erasmus+ 2022<\/a><\/h2>\n\n\t\t\t\t<div class=\"su-post-meta\">\n\t\t\t\t\tOpublikowano: 23 stycznia, 2023\t\t\t\t<\/div>\n\n\t\t\t\t<div class=\"su-post-excerpt\">\n\t\t\t\t\t<p>W styczniu 2023 odby\u0142y si\u0119 zaj\u0119cia z j\u0119zyka angielskiego (15 godzin) prowadzone przez Pani\u0105 Ann\u0119 Lisowsk\u0105 z ZST w Suwa\u0142kach przygotowuj\u0105ce uczestnik\u00f3w do wyjazdu na sta\u017ce zagraniczne do Walencji (Hiszpania)&hellip;<\/p>\n\t\t\t\t<\/div>\n\n\t\t\t\t\n\t\t\t<\/div>\n\n\t\t\n\t\n<\/div>\n\n\n\n<div class=\"su-posts su-posts-default-loop \">\n\n\t\n\t\t\t\t\t\n\t\t\t\n\t\t\t<div id=\"su-post-7680\" class=\"su-post \">\n\n\t\t\t\t\t\t\t\t\t<a class=\"su-post-thumbnail\" href=\"https:\/\/www.zst.suwalki.pl\/www\/spotkanie-z-przygotowania-kulturowego-do-zagranicznych-stazy-w-hiszpanii\/\"><img loading=\"lazy\" decoding=\"async\" width=\"340\" height=\"240\" src=\"https:\/\/www.zst.suwalki.pl\/www\/wp-content\/uploads\/2023\/01\/20230112_100810-340x240.jpg\" class=\"attachment-post-thumbnail size-post-thumbnail wp-post-image\" alt=\"\" \/><\/a>\n\t\t\t\t\n\t\t\t\t<h2 class=\"su-post-title\"><a href=\"https:\/\/www.zst.suwalki.pl\/www\/spotkanie-z-przygotowania-kulturowego-do-zagranicznych-stazy-w-hiszpanii\/\">Spotkanie z przygotowania kulturowego do zagranicznych sta\u017cy w Hiszpanii<\/a><\/h2>\n\n\t\t\t\t<div class=\"su-post-meta\">\n\t\t\t\t\tOpublikowano: 16 stycznia, 2023\t\t\t\t<\/div>\n\n\t\t\t\t<div class=\"su-post-excerpt\">\n\t\t\t\t\t<p>W dniu 12.01.2023r. odby\u0142o si\u0119 spotkanie z uczestnikami projektu o nr 2022-1-PL01-KA121-VET-000057805 w ramach przygotowania kulturowego.<\/p>\n\t\t\t\t<\/div>\n\n\t\t\t\t\n\t\t\t<\/div>\n\n\t\t\n\t\n<\/div>\n\n\n\n<div class=\"su-posts su-posts-default-loop \">\n\n\t\n\t\t\t\t\t\n\t\t\t\n\t\t\t<div id=\"su-post-7677\" class=\"su-post \">\n\n\t\t\t\t\t\t\t\t\t<a class=\"su-post-thumbnail\" href=\"https:\/\/www.zst.suwalki.pl\/www\/spotkanie-organizacyjne-do-zagranicznych-stazy-w-walencji-w-hiszpanii\/\"><img loading=\"lazy\" decoding=\"async\" width=\"340\" height=\"240\" src=\"https:\/\/www.zst.suwalki.pl\/www\/wp-content\/uploads\/2023\/01\/20230103_115940-340x240.jpg\" class=\"attachment-post-thumbnail size-post-thumbnail wp-post-image\" alt=\"\" \/><\/a>\n\t\t\t\t\n\t\t\t\t<h2 class=\"su-post-title\"><a href=\"https:\/\/www.zst.suwalki.pl\/www\/spotkanie-organizacyjne-do-zagranicznych-stazy-w-walencji-w-hiszpanii\/\">Spotkanie organizacyjne do zagranicznych sta\u017cy w Walencji w Hiszpanii<\/a><\/h2>\n\n\t\t\t\t<div class=\"su-post-meta\">\n\t\t\t\t\tOpublikowano: 16 stycznia, 2023\t\t\t\t<\/div>\n\n\t\t\t\t<div class=\"su-post-excerpt\">\n\t\t\t\t\t<p>W dniu 02.01.2023r. odby\u0142o si\u0119 spotkanie organizacyjne z uczestnikami projektu Erasmus+ Akredytacja 2022 o nr 2022-1-PL01-KA121-VET-000057805.<\/p>\n\t\t\t\t<\/div>\n\n\t\t\t\t\n\t\t\t<\/div>\n\n\t\t\n\t\n<\/div>\n\n\n\n<div class=\"su-posts su-posts-default-loop \">\n\n\t\n\t\t\t\t\t\n\t\t\t\n\t\t\t<div id=\"su-post-7626\" class=\"su-post \">\n\n\t\t\t\t\t\t\t\t\t<a class=\"su-post-thumbnail\" href=\"https:\/\/www.zst.suwalki.pl\/www\/lista-osob-zakwalifikowanych-do-udzialu-w-projekcie-2022-1-pl01-ka121-vet-000057805\/\"><img loading=\"lazy\" decoding=\"async\" width=\"340\" height=\"240\" src=\"https:\/\/www.zst.suwalki.pl\/www\/wp-content\/uploads\/2022\/12\/PL-V-Wspolfinansowane-przez-Unie-Europejska_POS-340x240.jpg\" class=\"attachment-post-thumbnail size-post-thumbnail wp-post-image\" alt=\"\" \/><\/a>\n\t\t\t\t\n\t\t\t\t<h2 class=\"su-post-title\"><a href=\"https:\/\/www.zst.suwalki.pl\/www\/lista-osob-zakwalifikowanych-do-udzialu-w-projekcie-2022-1-pl01-ka121-vet-000057805\/\">Lista os\u00f3b zakwalifikowanych do udzia\u0142u w projekcie 2022-1-PL01-KA121-VET-000057805<\/a><\/h2>\n\n\t\t\t\t<div class=\"su-post-meta\">\n\t\t\t\t\tOpublikowano: 21 grudnia, 2022\t\t\t\t<\/div>\n\n\t\t\t\t<div class=\"su-post-excerpt\">\n\t\t\t\t\t<p>Lista os\u00f3b zakwalifikowanych do udzia\u0142u w projekcie 2022-1-PL01-KA121-VET-000057805 realizowanego ze \u015brodk\u00f3w Programu Erasmus+ sektor Kszta\u0142cenie i szkolenia zawodowe &#8211; 2022\/2023<\/p>\n\t\t\t\t<\/div>\n\n\t\t\t\t\n\t\t\t<\/div>\n\n\t\t\n\t\n<\/div>\n\n","protected":false},"excerpt":{"rendered":"<p>Projekt nr 2022-1-PL01-KA121-VET-000057805 realizowany w ramach programu Erasmus+ W ramach projektu zostan\u0105 zrealizowany zostanie wyjazd uczni\u00f3w (I kwarta\u0142 2023r.) na trzytygodniowe sta\u017ce zawodowe w przedsi\u0119biorstwach w Hiszpanii (Walencja) w bran\u017cach&hellip;<\/p>\n","protected":false},"author":1,"featured_media":0,"parent":0,"menu_order":0,"comment_status":"closed","ping_status":"closed","template":"","meta":{"_crdt_document":"","footnotes":""},"class_list":["post-7556","page","type-page","status-publish","hentry"],"yoast_head":"<!-- This site is optimized with the Yoast SEO plugin v27.5 - https:\/\/yoast.com\/product\/yoast-seo-wordpress\/ -->\n<title>Erasmus+ Akredytacja 2022 - Zesp\u00f3\u0142 Szk\u00f3\u0142 Technicznych w Suwa\u0142kach<\/title>\n<meta name=\"robots\" content=\"index, follow, max-snippet:-1, max-image-preview:large, max-video-preview:-1\" \/>\n<link rel=\"canonical\" href=\"https:\/\/www.zst.suwalki.pl\/www\/erasmus-akredytacja-2022\/\" \/>\n<meta property=\"og:locale\" content=\"pl_PL\" \/>\n<meta property=\"og:type\" content=\"article\" \/>\n<meta property=\"og:title\" content=\"Erasmus+ Akredytacja 2022 - Zesp\u00f3\u0142 Szk\u00f3\u0142 Technicznych w Suwa\u0142kach\" \/>\n<meta property=\"og:description\" content=\"Projekt nr 2022-1-PL01-KA121-VET-000057805 realizowany w ramach programu Erasmus+ W ramach projektu zostan\u0105 zrealizowany zostanie wyjazd uczni\u00f3w (I kwarta\u0142 2023r.) na trzytygodniowe sta\u017ce zawodowe w przedsi\u0119biorstwach w Hiszpanii (Walencja) w bran\u017cach&hellip;\" \/>\n<meta property=\"og:url\" content=\"https:\/\/www.zst.suwalki.pl\/www\/erasmus-akredytacja-2022\/\" \/>\n<meta property=\"og:site_name\" content=\"Zesp\u00f3\u0142 Szk\u00f3\u0142 Technicznych w Suwa\u0142kach\" \/>\n<meta property=\"article:publisher\" content=\"https:\/\/www.facebook.com\/zstwsuwalkach\" \/>\n<meta property=\"article:modified_time\" content=\"2023-03-16T09:21:28+00:00\" \/>\n<meta property=\"og:image\" content=\"https:\/\/www.zst.suwalki.pl\/www\/wp-content\/uploads\/2022\/11\/ZST-Suwalki-plakat-Walencja-1-724x1024.jpg\" \/>\n<meta name=\"twitter:card\" content=\"summary_large_image\" \/>\n<meta name=\"twitter:label1\" content=\"Szacowany czas czytania\" \/>\n\t<meta name=\"twitter:data1\" content=\"2 minuty\" \/>\n<script type=\"application\/ld+json\" class=\"yoast-schema-graph\">{\"@context\":\"https:\\\/\\\/schema.org\",\"@graph\":[{\"@type\":\"WebPage\",\"@id\":\"https:\\\/\\\/www.zst.suwalki.pl\\\/www\\\/erasmus-akredytacja-2022\\\/\",\"url\":\"https:\\\/\\\/www.zst.suwalki.pl\\\/www\\\/erasmus-akredytacja-2022\\\/\",\"name\":\"Erasmus+ Akredytacja 2022 - Zesp\u00f3\u0142 Szk\u00f3\u0142 Technicznych w Suwa\u0142kach\",\"isPartOf\":{\"@id\":\"https:\\\/\\\/www.zst.suwalki.pl\\\/www\\\/#website\"},\"primaryImageOfPage\":{\"@id\":\"https:\\\/\\\/www.zst.suwalki.pl\\\/www\\\/erasmus-akredytacja-2022\\\/#primaryimage\"},\"image\":{\"@id\":\"https:\\\/\\\/www.zst.suwalki.pl\\\/www\\\/erasmus-akredytacja-2022\\\/#primaryimage\"},\"thumbnailUrl\":\"https:\\\/\\\/www.zst.suwalki.pl\\\/www\\\/wp-content\\\/uploads\\\/2022\\\/11\\\/ZST-Suwalki-plakat-Walencja-1-724x1024.jpg\",\"datePublished\":\"2022-11-29T08:14:50+00:00\",\"dateModified\":\"2023-03-16T09:21:28+00:00\",\"breadcrumb\":{\"@id\":\"https:\\\/\\\/www.zst.suwalki.pl\\\/www\\\/erasmus-akredytacja-2022\\\/#breadcrumb\"},\"inLanguage\":\"pl-PL\",\"potentialAction\":[{\"@type\":\"ReadAction\",\"target\":[\"https:\\\/\\\/www.zst.suwalki.pl\\\/www\\\/erasmus-akredytacja-2022\\\/\"]}]},{\"@type\":\"ImageObject\",\"inLanguage\":\"pl-PL\",\"@id\":\"https:\\\/\\\/www.zst.suwalki.pl\\\/www\\\/erasmus-akredytacja-2022\\\/#primaryimage\",\"url\":\"https:\\\/\\\/www.zst.suwalki.pl\\\/www\\\/wp-content\\\/uploads\\\/2022\\\/11\\\/ZST-Suwalki-plakat-Walencja-1.jpg\",\"contentUrl\":\"https:\\\/\\\/www.zst.suwalki.pl\\\/www\\\/wp-content\\\/uploads\\\/2022\\\/11\\\/ZST-Suwalki-plakat-Walencja-1.jpg\",\"width\":1555,\"height\":2199},{\"@type\":\"BreadcrumbList\",\"@id\":\"https:\\\/\\\/www.zst.suwalki.pl\\\/www\\\/erasmus-akredytacja-2022\\\/#breadcrumb\",\"itemListElement\":[{\"@type\":\"ListItem\",\"position\":1,\"name\":\"Strona g\u0142\u00f3wna\",\"item\":\"https:\\\/\\\/www.zst.suwalki.pl\\\/www\\\/\"},{\"@type\":\"ListItem\",\"position\":2,\"name\":\"Erasmus+ Akredytacja 2022\"}]},{\"@type\":\"WebSite\",\"@id\":\"https:\\\/\\\/www.zst.suwalki.pl\\\/www\\\/#website\",\"url\":\"https:\\\/\\\/www.zst.suwalki.pl\\\/www\\\/\",\"name\":\"Zesp\u00f3\u0142 Szk\u00f3\u0142 Technicznych w Suwa\u0142kach\",\"description\":\"technikum, suwa\u0142ki, mechatronik, informatyk, teleinformatyk, budownictwo, elektryk, mechanik, monter, fryzjer, cukiernik, grafik,\",\"publisher\":{\"@id\":\"https:\\\/\\\/www.zst.suwalki.pl\\\/www\\\/#organization\"},\"potentialAction\":[{\"@type\":\"SearchAction\",\"target\":{\"@type\":\"EntryPoint\",\"urlTemplate\":\"https:\\\/\\\/www.zst.suwalki.pl\\\/www\\\/?s={search_term_string}\"},\"query-input\":{\"@type\":\"PropertyValueSpecification\",\"valueRequired\":true,\"valueName\":\"search_term_string\"}}],\"inLanguage\":\"pl-PL\"},{\"@type\":\"Organization\",\"@id\":\"https:\\\/\\\/www.zst.suwalki.pl\\\/www\\\/#organization\",\"name\":\"Zesp\u00f3\u0142 Szk\u00f3\u0142 Technicznych w Suwa\u0142kach\",\"url\":\"https:\\\/\\\/www.zst.suwalki.pl\\\/www\\\/\",\"logo\":{\"@type\":\"ImageObject\",\"inLanguage\":\"pl-PL\",\"@id\":\"https:\\\/\\\/www.zst.suwalki.pl\\\/www\\\/#\\\/schema\\\/logo\\\/image\\\/\",\"url\":\"https:\\\/\\\/www.zst.suwalki.pl\\\/www\\\/wp-content\\\/uploads\\\/2019\\\/01\\\/cropped-banner_logo_zst.png\",\"contentUrl\":\"https:\\\/\\\/www.zst.suwalki.pl\\\/www\\\/wp-content\\\/uploads\\\/2019\\\/01\\\/cropped-banner_logo_zst.png\",\"width\":290,\"height\":70,\"caption\":\"Zesp\u00f3\u0142 Szk\u00f3\u0142 Technicznych w Suwa\u0142kach\"},\"image\":{\"@id\":\"https:\\\/\\\/www.zst.suwalki.pl\\\/www\\\/#\\\/schema\\\/logo\\\/image\\\/\"},\"sameAs\":[\"https:\\\/\\\/www.facebook.com\\\/zstwsuwalkach\"]}]}<\/script>\n<!-- \/ Yoast SEO plugin. -->","yoast_head_json":{"title":"Erasmus+ Akredytacja 2022 - Zesp\u00f3\u0142 Szk\u00f3\u0142 Technicznych w Suwa\u0142kach","robots":{"index":"index","follow":"follow","max-snippet":"max-snippet:-1","max-image-preview":"max-image-preview:large","max-video-preview":"max-video-preview:-1"},"canonical":"https:\/\/www.zst.suwalki.pl\/www\/erasmus-akredytacja-2022\/","og_locale":"pl_PL","og_type":"article","og_title":"Erasmus+ Akredytacja 2022 - Zesp\u00f3\u0142 Szk\u00f3\u0142 Technicznych w Suwa\u0142kach","og_description":"Projekt nr 2022-1-PL01-KA121-VET-000057805 realizowany w ramach programu Erasmus+ W ramach projektu zostan\u0105 zrealizowany zostanie wyjazd uczni\u00f3w (I kwarta\u0142 2023r.) na trzytygodniowe sta\u017ce zawodowe w przedsi\u0119biorstwach w Hiszpanii (Walencja) w bran\u017cach&hellip;","og_url":"https:\/\/www.zst.suwalki.pl\/www\/erasmus-akredytacja-2022\/","og_site_name":"Zesp\u00f3\u0142 Szk\u00f3\u0142 Technicznych w Suwa\u0142kach","article_publisher":"https:\/\/www.facebook.com\/zstwsuwalkach","article_modified_time":"2023-03-16T09:21:28+00:00","og_image":[{"url":"https:\/\/www.zst.suwalki.pl\/www\/wp-content\/uploads\/2022\/11\/ZST-Suwalki-plakat-Walencja-1-724x1024.jpg","type":"","width":"","height":""}],"twitter_card":"summary_large_image","twitter_misc":{"Szacowany czas czytania":"2 minuty"},"schema":{"@context":"https:\/\/schema.org","@graph":[{"@type":"WebPage","@id":"https:\/\/www.zst.suwalki.pl\/www\/erasmus-akredytacja-2022\/","url":"https:\/\/www.zst.suwalki.pl\/www\/erasmus-akredytacja-2022\/","name":"Erasmus+ Akredytacja 2022 - Zesp\u00f3\u0142 Szk\u00f3\u0142 Technicznych w Suwa\u0142kach","isPartOf":{"@id":"https:\/\/www.zst.suwalki.pl\/www\/#website"},"primaryImageOfPage":{"@id":"https:\/\/www.zst.suwalki.pl\/www\/erasmus-akredytacja-2022\/#primaryimage"},"image":{"@id":"https:\/\/www.zst.suwalki.pl\/www\/erasmus-akredytacja-2022\/#primaryimage"},"thumbnailUrl":"https:\/\/www.zst.suwalki.pl\/www\/wp-content\/uploads\/2022\/11\/ZST-Suwalki-plakat-Walencja-1-724x1024.jpg","datePublished":"2022-11-29T08:14:50+00:00","dateModified":"2023-03-16T09:21:28+00:00","breadcrumb":{"@id":"https:\/\/www.zst.suwalki.pl\/www\/erasmus-akredytacja-2022\/#breadcrumb"},"inLanguage":"pl-PL","potentialAction":[{"@type":"ReadAction","target":["https:\/\/www.zst.suwalki.pl\/www\/erasmus-akredytacja-2022\/"]}]},{"@type":"ImageObject","inLanguage":"pl-PL","@id":"https:\/\/www.zst.suwalki.pl\/www\/erasmus-akredytacja-2022\/#primaryimage","url":"https:\/\/www.zst.suwalki.pl\/www\/wp-content\/uploads\/2022\/11\/ZST-Suwalki-plakat-Walencja-1.jpg","contentUrl":"https:\/\/www.zst.suwalki.pl\/www\/wp-content\/uploads\/2022\/11\/ZST-Suwalki-plakat-Walencja-1.jpg","width":1555,"height":2199},{"@type":"BreadcrumbList","@id":"https:\/\/www.zst.suwalki.pl\/www\/erasmus-akredytacja-2022\/#breadcrumb","itemListElement":[{"@type":"ListItem","position":1,"name":"Strona g\u0142\u00f3wna","item":"https:\/\/www.zst.suwalki.pl\/www\/"},{"@type":"ListItem","position":2,"name":"Erasmus+ Akredytacja 2022"}]},{"@type":"WebSite","@id":"https:\/\/www.zst.suwalki.pl\/www\/#website","url":"https:\/\/www.zst.suwalki.pl\/www\/","name":"Zesp\u00f3\u0142 Szk\u00f3\u0142 Technicznych w Suwa\u0142kach","description":"technikum, suwa\u0142ki, mechatronik, informatyk, teleinformatyk, budownictwo, elektryk, mechanik, monter, fryzjer, cukiernik, grafik,","publisher":{"@id":"https:\/\/www.zst.suwalki.pl\/www\/#organization"},"potentialAction":[{"@type":"SearchAction","target":{"@type":"EntryPoint","urlTemplate":"https:\/\/www.zst.suwalki.pl\/www\/?s={search_term_string}"},"query-input":{"@type":"PropertyValueSpecification","valueRequired":true,"valueName":"search_term_string"}}],"inLanguage":"pl-PL"},{"@type":"Organization","@id":"https:\/\/www.zst.suwalki.pl\/www\/#organization","name":"Zesp\u00f3\u0142 Szk\u00f3\u0142 Technicznych w Suwa\u0142kach","url":"https:\/\/www.zst.suwalki.pl\/www\/","logo":{"@type":"ImageObject","inLanguage":"pl-PL","@id":"https:\/\/www.zst.suwalki.pl\/www\/#\/schema\/logo\/image\/","url":"https:\/\/www.zst.suwalki.pl\/www\/wp-content\/uploads\/2019\/01\/cropped-banner_logo_zst.png","contentUrl":"https:\/\/www.zst.suwalki.pl\/www\/wp-content\/uploads\/2019\/01\/cropped-banner_logo_zst.png","width":290,"height":70,"caption":"Zesp\u00f3\u0142 Szk\u00f3\u0142 Technicznych w Suwa\u0142kach"},"image":{"@id":"https:\/\/www.zst.suwalki.pl\/www\/#\/schema\/logo\/image\/"},"sameAs":["https:\/\/www.facebook.com\/zstwsuwalkach"]}]}},"_links":{"self":[{"href":"https:\/\/www.zst.suwalki.pl\/www\/wp-json\/wp\/v2\/pages\/7556","targetHints":{"allow":["GET"]}}],"collection":[{"href":"https:\/\/www.zst.suwalki.pl\/www\/wp-json\/wp\/v2\/pages"}],"about":[{"href":"https:\/\/www.zst.suwalki.pl\/www\/wp-json\/wp\/v2\/types\/page"}],"author":[{"embeddable":true,"href":"https:\/\/www.zst.suwalki.pl\/www\/wp-json\/wp\/v2\/users\/1"}],"replies":[{"embeddable":true,"href":"https:\/\/www.zst.suwalki.pl\/www\/wp-json\/wp\/v2\/comments?post=7556"}],"version-history":[{"count":11,"href":"https:\/\/www.zst.suwalki.pl\/www\/wp-json\/wp\/v2\/pages\/7556\/revisions"}],"predecessor-version":[{"id":7833,"href":"https:\/\/www.zst.suwalki.pl\/www\/wp-json\/wp\/v2\/pages\/7556\/revisions\/7833"}],"wp:attachment":[{"href":"https:\/\/www.zst.suwalki.pl\/www\/wp-json\/wp\/v2\/media?parent=7556"}],"curies":[{"name":"wp","href":"https:\/\/api.w.org\/{rel}","templated":true}]}}